{"id":8756,"date":"2020-07-08T14:40:23","date_gmt":"2020-07-08T12:40:23","guid":{"rendered":"http:\/\/saw-biz.net\/?page_id=8756"},"modified":"2025-09-12T13:27:04","modified_gmt":"2025-09-12T11:27:04","slug":"mannheim-2","status":"publish","type":"page","link":"https:\/\/saw-biz.net\/home\/mannheim-2\/","title":{"rendered":"Mannheim"},"content":{"rendered":"<div class=\"wp-block-image\">\n<figure class=\"aligncenter\"><img loading=\"lazy\" decoding=\"async\" width=\"300\" height=\"225\" data-attachment-id=\"12425\" data-permalink=\"https:\/\/saw-biz.net\/home\/mannheim\/img_5587-klein\/\" data-orig-file=\"https:\/\/i0.wp.com\/saw-biz.net\/wp-content\/uploads\/2023\/07\/IMG_5587-Klein.jpeg?fit=320%2C240&amp;ssl=1\" data-orig-size=\"320,240\" data-comments-opened=\"1\" data-image-meta=\"{&quot;aperture&quot;:&quot;1.8&quot;,&quot;credit&quot;:&quot;&quot;,&quot;camera&quot;:&quot;iPhone 11&quot;,&quot;caption&quot;:&quot;&quot;,&quot;created_timestamp&quot;:&quot;1681323021&quot;,&quot;copyright&quot;:&quot;&quot;,&quot;focal_length&quot;:&quot;4.25&quot;,&quot;iso&quot;:&quot;32&quot;,&quot;shutter_speed&quot;:&quot;0.00075987841945289&quot;,&quot;title&quot;:&quot;&quot;,&quot;orientation&quot;:&quot;1&quot;}\" data-image-title=\"IMG_5587 Klein\" data-image-description=\"\" data-image-caption=\"\" data-medium-file=\"https:\/\/i0.wp.com\/saw-biz.net\/wp-content\/uploads\/2023\/07\/IMG_5587-Klein.jpeg?fit=300%2C225&amp;ssl=1\" data-large-file=\"https:\/\/i0.wp.com\/saw-biz.net\/wp-content\/uploads\/2023\/07\/IMG_5587-Klein.jpeg?fit=320%2C240&amp;ssl=1\" src=\"https:\/\/i0.wp.com\/saw-biz.net\/wp-content\/uploads\/2023\/07\/IMG_5587-Klein.jpeg?resize=300%2C225&#038;ssl=1\" alt=\"\" class=\"wp-image-12425\" srcset=\"https:\/\/i0.wp.com\/saw-biz.net\/wp-content\/uploads\/2023\/07\/IMG_5587-Klein.jpeg?resize=300%2C225&amp;ssl=1 300w, https:\/\/i0.wp.com\/saw-biz.net\/wp-content\/uploads\/2023\/07\/IMG_5587-Klein.jpeg?w=320&amp;ssl=1 320w\" sizes=\"auto, (max-width: 300px) 100vw, 300px\" data-recalc-dims=\"1\" \/><\/figure>\n<\/div>\n\n\n<p><\/p>\n\n\n\n<div style=\"width: 280px; float: left;\"><strong>Standort: Mannheim<\/strong><br \/>Im Pfeiffersw\u00f6rth 32-36<br \/>68167 Mannheim\n<p>Telefon: 0621 &#8211; \u00a081 09 71 05<br \/>Email: info@saw-biz.de<\/p>\n<p>Die aktuellen Kurstermine finden Sie\u00a0<a title=\"Termine Mannheim\" href=\"\/termine\/termine-mannheim\/\"><span style=\"color: #339966;\">hier<\/span><\/a>.<\/p>\n<p><a class=\"twitter-follow-button\" href=\"https:\/\/twitter.com\/SAW_Mannheim\" data-show-count=\"false\" data-size=\"large\">Follow @SAW_Mannheim<\/a> <script>!function(d,s,id){var js,fjs=d.getElementsByTagName(s)[0],p=\/^http:\/.test(d.location)?'http':'https';if(!d.getElementById(id)){js=d.createElement(s);js.id=id;js.src=p+':\/\/platform.twitter.com\/widgets.js';fjs.parentNode.insertBefore(js,fjs);}}(document, 'script', 'twitter-wjs');<\/script>\n<\/div>\n\n\n\n<p class=\"has-text-align-left\"><br style=\"clear: both;\"\/><br \/><strong>Ansprechpartner:<\/strong><\/p>\n\n\n<div class=\"wp-block-image\">\n<figure class=\"alignleft\"><img loading=\"lazy\" decoding=\"async\" width=\"300\" height=\"300\" data-attachment-id=\"7895\" data-permalink=\"https:\/\/saw-biz.net\/home\/team\/senol-senocak-2\/img_1550\/\" data-orig-file=\"https:\/\/i0.wp.com\/saw-biz.net\/wp-content\/uploads\/2015\/09\/IMG_1550.jpg?fit=1080%2C1080&amp;ssl=1\" data-orig-size=\"1080,1080\" data-comments-opened=\"1\" data-image-meta=\"{&quot;aperture&quot;:&quot;0&quot;,&quot;credit&quot;:&quot;&quot;,&quot;camera&quot;:&quot;&quot;,&quot;caption&quot;:&quot;&quot;,&quot;created_timestamp&quot;:&quot;1581203751&quot;,&quot;copyright&quot;:&quot;&quot;,&quot;focal_length&quot;:&quot;0&quot;,&quot;iso&quot;:&quot;0&quot;,&quot;shutter_speed&quot;:&quot;0&quot;,&quot;title&quot;:&quot;&quot;,&quot;orientation&quot;:&quot;1&quot;}\" data-image-title=\"IMG_1550\" data-image-description=\"\" data-image-caption=\"\" data-medium-file=\"https:\/\/i0.wp.com\/saw-biz.net\/wp-content\/uploads\/2015\/09\/IMG_1550.jpg?fit=300%2C300&amp;ssl=1\" data-large-file=\"https:\/\/i0.wp.com\/saw-biz.net\/wp-content\/uploads\/2015\/09\/IMG_1550.jpg?fit=618%2C618&amp;ssl=1\" src=\"https:\/\/i0.wp.com\/saw-biz.net\/wp-content\/uploads\/2015\/09\/IMG_1550-300x300.jpg?resize=300%2C300\" alt=\"\" class=\"wp-image-7895\" srcset=\"https:\/\/i0.wp.com\/saw-biz.net\/wp-content\/uploads\/2015\/09\/IMG_1550.jpg?resize=300%2C300&amp;ssl=1 300w, https:\/\/i0.wp.com\/saw-biz.net\/wp-content\/uploads\/2015\/09\/IMG_1550.jpg?resize=150%2C150&amp;ssl=1 150w, https:\/\/i0.wp.com\/saw-biz.net\/wp-content\/uploads\/2015\/09\/IMG_1550.jpg?resize=768%2C768&amp;ssl=1 768w, https:\/\/i0.wp.com\/saw-biz.net\/wp-content\/uploads\/2015\/09\/IMG_1550.jpg?resize=250%2C250&amp;ssl=1 250w, https:\/\/i0.wp.com\/saw-biz.net\/wp-content\/uploads\/2015\/09\/IMG_1550.jpg?resize=90%2C90&amp;ssl=1 90w, https:\/\/i0.wp.com\/saw-biz.net\/wp-content\/uploads\/2015\/09\/IMG_1550.jpg?w=1080&amp;ssl=1 1080w\" sizes=\"auto, (max-width: 300px) 100vw, 300px\" data-recalc-dims=\"1\" \/><\/figure>\n<\/div>\n\n\n<p><strong>&nbsp; &nbsp; <br \/>Senol Senocak<br \/><\/strong>Gesch\u00e4ftsf\u00fchrer<br \/><a href=\"mailto:s.senocak@saw-biz.net\">s.senocak@saw-biz.net<\/a><\/p>","protected":false},"excerpt":{"rendered":"<p>Standort: MannheimIm Pfeiffersw\u00f6rth 32-3668167 Mannheim Telefon: 0621 &#8211; \u00a081 09 71 05Email: info@saw-biz.de Die aktuellen Kurstermine finden Sie\u00a0hier. Follow @SAW_Mannheim Ansprechpartner: &nbsp; &nbsp; Senol SenocakGesch\u00e4ftsf\u00fchrers.senocak@saw-biz.net<\/p>","protected":false},"author":1,"featured_media":0,"parent":0,"menu_order":0,"comment_status":"closed","ping_status":"closed","template":"","meta":{"_exactmetrics_skip_tracking":false,"_exactmetrics_sitenote_active":false,"_exactmetrics_sitenote_note":"","_exactmetrics_sitenote_category":0,"jetpack_post_was_ever_published":false,"footnotes":"","_links_to":"","_links_to_target":""},"class_list":["post-8756","page","type-page","status-publish","hentry"],"jetpack_sharing_enabled":true,"jetpack_shortlink":"https:\/\/wp.me\/P5coPr-2he","jetpack-related-posts":[{"id":1093,"url":"https:\/\/saw-biz.net\/home\/mannheim\/","url_meta":{"origin":8756,"position":0},"title":"Mannheim","author":"admin","date":"19. Dezember 2014","format":false,"excerpt":"Standort: MannheimIm Pfeiffersw\u00f6rth 32-3668167 Mannheim \u00a0 \u00a0 \u00a0 \u00a0 Telefon: 0621 - \u00a081 09 71 05 \u00a0 Telefax: 0621 - \u00a086 08 59 81 Die aktuellen Kurstermine finden Sie\u00a0hier. \u00a0 \u00a0 \u00a0","rel":"","context":"\u00c4hnlicher Beitrag","block_context":{"text":"\u00c4hnlicher Beitrag","link":""},"img":{"alt_text":"","src":"https:\/\/i0.wp.com\/saw-biz.net\/wp-content\/uploads\/2023\/07\/Fahnen-saw-2.jpg?resize=350%2C200&ssl=1","width":350,"height":200,"srcset":"https:\/\/i0.wp.com\/saw-biz.net\/wp-content\/uploads\/2023\/07\/Fahnen-saw-2.jpg?resize=350%2C200&ssl=1 1x, https:\/\/i0.wp.com\/saw-biz.net\/wp-content\/uploads\/2023\/07\/Fahnen-saw-2.jpg?resize=700%2C400&ssl=1 2x, https:\/\/i0.wp.com\/saw-biz.net\/wp-content\/uploads\/2023\/07\/Fahnen-saw-2.jpg?resize=1050%2C600&ssl=1 3x"},"classes":[]},{"id":942,"url":"https:\/\/saw-biz.net\/home\/termine-mannheim\/","url_meta":{"origin":8756,"position":1},"title":"Termine Mannheim","author":"admin","date":"12. Dezember 2014","format":false,"excerpt":"Hier finden Sie unsere aktuellen Termine f\u00fcr den\u00a0Standort Mannheim. F\u00fcr alle Lehrg\u00e4nge haben wir eine begrenzte Teilnehmerzahl von jeweils 15 Personen vorgesehen. Unsere Ansprechpartner stehen Ihnen telefonisch t\u00e4glich von 08.00 Uhr - 16.00 Uhr zur Verf\u00fcgung. Fordern Sie\u00a0hier kostenlose Informationen an.","rel":"","context":"\u00c4hnlicher Beitrag","block_context":{"text":"\u00c4hnlicher Beitrag","link":""},"img":{"alt_text":"","src":"","width":0,"height":0},"classes":[]},{"id":2983,"url":"https:\/\/saw-biz.net\/home\/tarifvertraege\/","url_meta":{"origin":8756,"position":2},"title":"Tarifvertr\u00e4ge","author":"Changes SAW-Bildungszentrum","date":"29. Oktober 2015","format":false,"excerpt":"Bitte w\u00e4hle einen Tarifvertrag aus.","rel":"","context":"\u00c4hnlicher Beitrag","block_context":{"text":"\u00c4hnlicher Beitrag","link":""},"img":{"alt_text":"","src":"","width":0,"height":0},"classes":[]},{"id":1131,"url":"https:\/\/saw-biz.net\/home\/bildung\/management\/fremdsprachen\/","url_meta":{"origin":8756,"position":3},"title":"Fremdsprachen","author":"admin","date":"19. Dezember 2014","format":false,"excerpt":"Fremdsprachen: Deutsch, Englisch, Spanisch, Franz\u00f6sisch, Arabisch, T\u00fcrkisch, Russisch","rel":"","context":"\u00c4hnlicher Beitrag","block_context":{"text":"\u00c4hnlicher Beitrag","link":""},"img":{"alt_text":"","src":"","width":0,"height":0},"classes":[]},{"id":1113,"url":"https:\/\/saw-biz.net\/home\/bildung\/sicherheit\/grundausbildung-sicherheitskraft\/","url_meta":{"origin":8756,"position":4},"title":"Grundausbildung Sicherheitskraft","author":"admin","date":"19. Dezember 2014","format":false,"excerpt":"[pdf_button]\/wp-content\/uploads\/2015\/09\/Sicherheit-Grundausbildung-Sicherheitskraft.pdf[\/pdf_button] Zielgruppe Wir suchen weibliche \/ m\u00e4nnliche Personen mit Interesse f\u00fcr eine berufliche Neuorientierung bzw. Qualifizierung im Sicherheitsgewerbe. Dauer der Ausbildung 7600 Stunden Theorie 120 Stunden Praxis Mindestalter von 18 Jahren Inhalte der Ausbildung Sachkunde nach \u00a734a GewO Dienstkunde Betriebssanit\u00e4ter (BG) Waffensachkunde \u00a77 WaffG Brandschutz- und Evakuierungshelfer \u00a710 ArbSchG Eingriffsbefugnisse\u2026","rel":"","context":"\u00c4hnlicher Beitrag","block_context":{"text":"\u00c4hnlicher Beitrag","link":""},"img":{"alt_text":"","src":"","width":0,"height":0},"classes":[]},{"id":2862,"url":"https:\/\/saw-biz.net\/home\/bildung\/sanitaetsausbildungen\/erste-hilfe-kurs\/","url_meta":{"origin":8756,"position":5},"title":"Erste Hilfe Kurs","author":"Changes SAW-Bildungszentrum","date":"29. September 2015","format":false,"excerpt":"Vorwort Ein Unfall auf der Stra\u00dfe oder im Haushalt, ein Kreislaufzusammenbruch oder Herzinfarkt \u2013 diese oder \u00e4hnliche Notf\u00e4lle ereignen sich nach Sch\u00e4tzung von Experten \u00fcber 25 Millionen Mal j\u00e4hrlich in Deutschland und passieren zumeist in Anwesenheit von Familie, Freunden oder Kollegen. In vielen F\u00e4llen kann die Hilfe in den ersten\u2026","rel":"","context":"\u00c4hnlicher Beitrag","block_context":{"text":"\u00c4hnlicher Beitrag","link":""},"img":{"alt_text":"","src":"","width":0,"height":0},"classes":[]}],"_links":{"self":[{"href":"https:\/\/saw-biz.net\/home\/wp-json\/wp\/v2\/pages\/8756","targetHints":{"allow":["GET"]}}],"collection":[{"href":"https:\/\/saw-biz.net\/home\/wp-json\/wp\/v2\/pages"}],"about":[{"href":"https:\/\/saw-biz.net\/home\/wp-json\/wp\/v2\/types\/page"}],"author":[{"embeddable":true,"href":"https:\/\/saw-biz.net\/home\/wp-json\/wp\/v2\/users\/1"}],"replies":[{"embeddable":true,"href":"https:\/\/saw-biz.net\/home\/wp-json\/wp\/v2\/comments?post=8756"}],"version-history":[{"count":6,"href":"https:\/\/saw-biz.net\/home\/wp-json\/wp\/v2\/pages\/8756\/revisions"}],"predecessor-version":[{"id":16083,"href":"https:\/\/saw-biz.net\/home\/wp-json\/wp\/v2\/pages\/8756\/revisions\/16083"}],"wp:attachment":[{"href":"https:\/\/saw-biz.net\/home\/wp-json\/wp\/v2\/media?parent=8756"}],"curies":[{"name":"wp","href":"https:\/\/api.w.org\/{rel}","templated":true}]}}