{"id":466,"date":"2014-08-16T22:46:32","date_gmt":"2014-08-16T20:46:32","guid":{"rendered":"http:\/\/www.saw-biz.net\/?page_id=466"},"modified":"2020-03-09T22:38:36","modified_gmt":"2020-03-09T21:38:36","slug":"kontakt-2","status":"publish","type":"page","link":"https:\/\/saw-biz.net\/home\/kontakt-2\/","title":{"rendered":"Kontakt"},"content":{"rendered":"<div data-test='contact-form' id='contact-form-466' class='wp-block-jetpack-contact-form-container '>\n<form action='https:\/\/saw-biz.net\/home\/kontakt-2\/#contact-form-466' method='post' class='contact-form commentsblock'>\n<script>\n\t\t\t( function () {\n\t\t\t\tconst contact_forms = document.getElementsByClassName('contact-form');\n\n\t\t\t\tfor ( const form of contact_forms ) {\n\t\t\t\t\tform.onsubmit = function() {\n\t\t\t\t\t\tconst buttons = form.getElementsByTagName('button');\n\n\t\t\t\t\t\tfor( const button of buttons ) {\n\t\t\t\t\t\t\tbutton.setAttribute('disabled', true);\n\t\t\t\t\t\t}\n\t\t\t\t\t}\n\t\t\t\t}\n\t\t\t} )();\n\t\t<\/script>\n<div style=\"\" class='grunion-field-name-wrap grunion-field-wrap'  >\n<label\n\t\t\t\tfor='g466-name'\n\t\t\t\tclass='grunion-field-label name'>Name<span>(erforderlich)<\/span><\/label>\n<input\n\t\t\t\t\ttype='text'\n\t\t\t\t\tname='g466-name'\n\t\t\t\t\tid='g466-name'\n\t\t\t\t\tvalue=''\n\t\t\t\t\tclass='name  grunion-field' \n\t\t\t\t\trequired aria-required='true' \/>\n\t<\/div>\n\n<div style=\"\" class='grunion-field-email-wrap grunion-field-wrap'  >\n<label\n\t\t\t\tfor='g466-email'\n\t\t\t\tclass='grunion-field-label email'>E-Mail<span>(erforderlich)<\/span><\/label>\n<input\n\t\t\t\t\ttype='email'\n\t\t\t\t\tname='g466-email'\n\t\t\t\t\tid='g466-email'\n\t\t\t\t\tvalue=''\n\t\t\t\t\tclass='email  grunion-field' \n\t\t\t\t\trequired aria-required='true' \/>\n\t<\/div>\n\n<div style=\"\" class='grunion-field-url-wrap grunion-field-wrap'  >\n<label\n\t\t\t\tfor='g466-webseite'\n\t\t\t\tclass='grunion-field-label url'>Webseite<\/label>\n<input\n\t\t\t\t\ttype='text'\n\t\t\t\t\tname='g466-webseite'\n\t\t\t\t\tid='g466-webseite'\n\t\t\t\t\tvalue=''\n\t\t\t\t\tclass='url  grunion-field' \n\t\t\t\t\ttitle=\"Bitte gib eine g\u00fcltige URL ein\u00a0\u2013 https:\/\/www.example.com\" oninvalid=\"setCustomValidity(&quot;Bitte gib eine g\u00fcltige URL ein\u00a0\u2013 https:\/\/www.example.com&quot;)\" oninput=\"setCustomValidity(&quot;&quot;)\" pattern=\"(([:\\\/a-zA-Z0-9_\\-]+)?(\\.[a-zA-Z0-9_\\-\\\/]+)+)\" data-type-override=\"url\"  \/>\n\t<\/div>\n\n<div style=\"\" class='grunion-field-textarea-wrap grunion-field-wrap'  >\n<label\n\t\t\t\tfor='contact-form-comment-g466-kommentar'\n\t\t\t\tclass='grunion-field-label textarea'>Kommentar<span>(erforderlich)<\/span><\/label>\n<textarea\n\t\t                style=''\n\t\t                name='g466-kommentar'\n\t\t                id='contact-form-comment-g466-kommentar'\n\t\t                rows='20' class='textarea  grunion-field'  required aria-required='true'><\/textarea>\n\t<\/div>\n\n<div style=\"\" class='grunion-field-text-wrap grunion-field-wrap'  >\n<label\n\t\t\t\tfor='g466-firma'\n\t\t\t\tclass='grunion-field-label text'>Firma<\/label>\n<input\n\t\t\t\t\ttype='text'\n\t\t\t\t\tname='g466-firma'\n\t\t\t\t\tid='g466-firma'\n\t\t\t\t\tvalue=''\n\t\t\t\t\tclass='text  grunion-field' \n\t\t\t\t\t \/>\n\t<\/div>\n\n<div style=\"\" class='grunion-field-text-wrap grunion-field-wrap'  >\n<label\n\t\t\t\tfor='g466-straenr'\n\t\t\t\tclass='grunion-field-label text'>Stra\u00dfe \/ Nr.<\/label>\n<input\n\t\t\t\t\ttype='text'\n\t\t\t\t\tname='g466-straenr'\n\t\t\t\t\tid='g466-straenr'\n\t\t\t\t\tvalue=''\n\t\t\t\t\tclass='text  grunion-field' \n\t\t\t\t\t \/>\n\t<\/div>\n\n<div style=\"\" class='grunion-field-text-wrap grunion-field-wrap'  >\n<label\n\t\t\t\tfor='g466-ort'\n\t\t\t\tclass='grunion-field-label text'>Ort<span>(erforderlich)<\/span><\/label>\n<input\n\t\t\t\t\ttype='text'\n\t\t\t\t\tname='g466-ort'\n\t\t\t\t\tid='g466-ort'\n\t\t\t\t\tvalue=''\n\t\t\t\t\tclass='text  grunion-field' \n\t\t\t\t\trequired aria-required='true' \/>\n\t<\/div>\n\t<p class='contact-submit'>\n\t\t<button type='submit' class='pushbutton-wide'>Senden<\/button>\t\t<input type='hidden' name='contact-form-id' value='466' \/>\n\t\t<input type='hidden' name='action' value='grunion-contact-form' \/>\n\t\t<input type='hidden' name='contact-form-hash' value='1c7b0c9774091810075f89ca962d3a65bcdd0161' \/>\n\t<\/p>\n<p style=\"display: none !important;\"><label>&#916;<textarea name=\"ak_hp_textarea\" cols=\"45\" rows=\"8\" maxlength=\"100\"><\/textarea><\/label><input type=\"hidden\" id=\"ak_js_1\" name=\"ak_js\" value=\"119\"\/><script>document.getElementById( \"ak_js_1\" ).setAttribute( \"value\", ( new Date() ).getTime() );<\/script><\/p><\/form>\n<\/div>\n<h2><\/h2>","protected":false},"excerpt":{"rendered":"","protected":false},"author":1,"featured_media":0,"parent":0,"menu_order":5000,"comment_status":"closed","ping_status":"closed","template":"","meta":{"_exactmetrics_skip_tracking":false,"_exactmetrics_sitenote_active":false,"_exactmetrics_sitenote_note":"","_exactmetrics_sitenote_category":0,"jetpack_post_was_ever_published":false,"footnotes":"","_links_to":"","_links_to_target":""},"class_list":["post-466","page","type-page","status-publish","hentry"],"jetpack_sharing_enabled":true,"jetpack_shortlink":"https:\/\/wp.me\/P5coPr-7w","jetpack-related-posts":[{"id":3377,"url":"https:\/\/saw-biz.net\/home\/activation-required\/","url_meta":{"origin":466,"position":0},"title":"Activation required","author":"admin","date":"31. August 2016","format":false,"excerpt":"You have not been activated yet","rel":"","context":"\u00c4hnlicher Beitrag","block_context":{"text":"\u00c4hnlicher Beitrag","link":""},"img":{"alt_text":"","src":"","width":0,"height":0},"classes":[]},{"id":1175,"url":"https:\/\/saw-biz.net\/home\/foerdermoeglichkeiten\/bildungspraemie\/","url_meta":{"origin":466,"position":1},"title":"Bildungspr\u00e4mie","author":"admin","date":"19. Dezember 2014","format":false,"excerpt":"Bis zu 500,\u2013 Euro Pr\u00e4miengutschein Um die Bereitschaft zur Weiterbildung zu f\u00f6rdern, bietet die Bundesregierung im Rahmen der \"Bildungspr\u00e4mie\" einen Pr\u00e4miengutschein an. Personen, deren zu versteuerndes Jahreseinkommen derzeit 25.600,\u2013 Euro (oder 51.200,\u2013 Euro bei gemeinsam Veranlagten) nicht \u00fcbersteigt, erhalten bis zu\u00a0500,\u2013 Euro, wenn sie mindestens die gleiche Summe selbst f\u00fcr\u2026","rel":"","context":"\u00c4hnlicher Beitrag","block_context":{"text":"\u00c4hnlicher Beitrag","link":""},"img":{"alt_text":"","src":"","width":0,"height":0},"classes":[]},{"id":1174,"url":"https:\/\/saw-biz.net\/home\/foerdermoeglichkeiten\/bildungsgutschein\/","url_meta":{"origin":466,"position":2},"title":"Bildungsgutschein","author":"admin","date":"19. Dezember 2014","format":false,"excerpt":"Was ist ein Bildungsgutschein? Arbeitssuchende, aber auch Arbeitnehmer\/innen, die von Arbeitslosigkeit betroffen sind, k\u00f6nnen Anspruch auf F\u00f6rderung f\u00fcr ihre berufliche Weiterbildung haben, wenn der Vermittler die Notwendigkeit der Integration in das Berufsleben sieht. Deine \u00f6rtliche Agentur f\u00fcr Arbeit oder das\u00a0 Jobcenter stellt Dir daf\u00fcr einen Bildungsgutschein aus. Wie bekomme ich\u2026","rel":"","context":"\u00c4hnlicher Beitrag","block_context":{"text":"\u00c4hnlicher Beitrag","link":""},"img":{"alt_text":"","src":"","width":0,"height":0},"classes":[]},{"id":1110,"url":"https:\/\/saw-biz.net\/home\/bildung\/fachkraft-fuer-schutz-und-sicherheit\/","url_meta":{"origin":466,"position":3},"title":"Fachkraft f\u00fcr Schutz und Sicherheit","author":"admin","date":"19. Dezember 2014","format":false,"excerpt":"[pdf_button]http:\/\/saw-biz.net\/wp-content\/uploads\/2017\/02\/5.-Fachkraft-Schutz-und-Sicherheit-Soldaten-ohne-Anschnitt.pdf[\/pdf_button] Vorwort Fachkr\u00e4fte f\u00fcr Schutz und Sicherheit sch\u00fctzen Personen, Objekte, Anlagen und Werte. Sie planen vorbeugende Ma\u00dfnahmen f\u00fcr deren Sicherheit bzw. zur Abwehr von Gefahren und f\u00fchren sie durch. In erster Linie arbeiten sie in Betrieben des Objekt-, Werte- und Personenschutzes bzw. in der Sicherheitsberatung und -schulung. Auch in Flughafenbetrieben\u2026","rel":"","context":"\u00c4hnlicher Beitrag","block_context":{"text":"\u00c4hnlicher Beitrag","link":""},"img":{"alt_text":"","src":"","width":0,"height":0},"classes":[]},{"id":2454,"url":"https:\/\/saw-biz.net\/home\/ueber-uns\/","url_meta":{"origin":466,"position":4},"title":"\u00dcber Uns","author":"admin","date":"11. September 2015","format":false,"excerpt":"Unsere Firmenphilosophie:\u00a0\"Ausbildung schafft Zukunft\" Wir sind ein engagiertes Unternehmen, das sich zum Ziel gesetzt hat, den hohen Bedarf an qualifizierten Sicherheitskr\u00e4ften zu decken. Unsere Mission ist es, f\u00fcr die Sicherheitswirtschaft aus- und weiterzubilden, um eine sichere und gesch\u00fctzte Umgebung f\u00fcr Unternehmen und Gemeinschaften zu gew\u00e4hrleisten. Warum uns w\u00e4hlen? Qualit\u00e4t und\u2026","rel":"","context":"\u00c4hnlicher Beitrag","block_context":{"text":"\u00c4hnlicher Beitrag","link":""},"img":{"alt_text":"","src":"","width":0,"height":0},"classes":[]},{"id":1113,"url":"https:\/\/saw-biz.net\/home\/bildung\/sicherheit\/grundausbildung-sicherheitskraft\/","url_meta":{"origin":466,"position":5},"title":"Grundausbildung Sicherheitskraft","author":"admin","date":"19. Dezember 2014","format":false,"excerpt":"[pdf_button]\/wp-content\/uploads\/2015\/09\/Sicherheit-Grundausbildung-Sicherheitskraft.pdf[\/pdf_button] Zielgruppe Wir suchen weibliche \/ m\u00e4nnliche Personen mit Interesse f\u00fcr eine berufliche Neuorientierung bzw. Qualifizierung im Sicherheitsgewerbe. Dauer der Ausbildung 7600 Stunden Theorie 120 Stunden Praxis Mindestalter von 18 Jahren Inhalte der Ausbildung Sachkunde nach \u00a734a GewO Dienstkunde Betriebssanit\u00e4ter (BG) Waffensachkunde \u00a77 WaffG Brandschutz- und Evakuierungshelfer \u00a710 ArbSchG Eingriffsbefugnisse\u2026","rel":"","context":"\u00c4hnlicher Beitrag","block_context":{"text":"\u00c4hnlicher Beitrag","link":""},"img":{"alt_text":"","src":"","width":0,"height":0},"classes":[]}],"_links":{"self":[{"href":"https:\/\/saw-biz.net\/home\/wp-json\/wp\/v2\/pages\/466","targetHints":{"allow":["GET"]}}],"collection":[{"href":"https:\/\/saw-biz.net\/home\/wp-json\/wp\/v2\/pages"}],"about":[{"href":"https:\/\/saw-biz.net\/home\/wp-json\/wp\/v2\/types\/page"}],"author":[{"embeddable":true,"href":"https:\/\/saw-biz.net\/home\/wp-json\/wp\/v2\/users\/1"}],"replies":[{"embeddable":true,"href":"https:\/\/saw-biz.net\/home\/wp-json\/wp\/v2\/comments?post=466"}],"version-history":[{"count":10,"href":"https:\/\/saw-biz.net\/home\/wp-json\/wp\/v2\/pages\/466\/revisions"}],"predecessor-version":[{"id":7513,"href":"https:\/\/saw-biz.net\/home\/wp-json\/wp\/v2\/pages\/466\/revisions\/7513"}],"wp:attachment":[{"href":"https:\/\/saw-biz.net\/home\/wp-json\/wp\/v2\/media?parent=466"}],"curies":[{"name":"wp","href":"https:\/\/api.w.org\/{rel}","templated":true}]}}