{"id":2125,"date":"2015-06-29T15:58:19","date_gmt":"2015-06-29T13:58:19","guid":{"rendered":"http:\/\/www.saw-biz.net\/?page_id=2125"},"modified":"2017-03-10T13:32:06","modified_gmt":"2017-03-10T12:32:06","slug":"saw-video","status":"publish","type":"page","link":"https:\/\/saw-biz.net\/home\/saw-video\/","title":{"rendered":"SAW-Video"},"content":{"rendered":"<span class=\"embed-youtube\" style=\"text-align:center; display: block;\"><iframe loading=\"lazy\" class=\"youtube-player\" width=\"618\" height=\"348\" src=\"https:\/\/www.youtube.com\/embed\/SYpO13PVGcQ?version=3&#038;rel=1&#038;showsearch=0&#038;showinfo=1&#038;iv_load_policy=1&#038;fs=1&#038;hl=de-DE&#038;autohide=2&#038;wmode=transparent\" allowfullscreen=\"true\" style=\"border:0;\" sandbox=\"allow-scripts allow-same-origin allow-popups allow-presentation\"><\/iframe><\/span>\n<p>&nbsp;<\/p>\n<span class=\"embed-youtube\" style=\"text-align:center; display: block;\"><iframe loading=\"lazy\" class=\"youtube-player\" width=\"618\" height=\"348\" src=\"https:\/\/www.youtube.com\/embed\/_oMn6gS88fk?version=3&#038;rel=1&#038;showsearch=0&#038;showinfo=1&#038;iv_load_policy=1&#038;fs=1&#038;hl=de-DE&#038;autohide=2&#038;wmode=transparent\" allowfullscreen=\"true\" style=\"border:0;\" sandbox=\"allow-scripts allow-same-origin allow-popups allow-presentation\"><\/iframe><\/span>","protected":false},"excerpt":{"rendered":"<p>&nbsp;<\/p>","protected":false},"author":1,"featured_media":0,"parent":0,"menu_order":0,"comment_status":"closed","ping_status":"closed","template":"","meta":{"_exactmetrics_skip_tracking":false,"_exactmetrics_sitenote_active":false,"_exactmetrics_sitenote_note":"","_exactmetrics_sitenote_category":0,"jetpack_post_was_ever_published":false,"footnotes":"","_links_to":"","_links_to_target":""},"class_list":["post-2125","page","type-page","status-publish","hentry"],"jetpack_sharing_enabled":true,"jetpack_shortlink":"https:\/\/wp.me\/P5coPr-yh","jetpack-related-posts":[{"id":8756,"url":"https:\/\/saw-biz.net\/home\/mannheim-2\/","url_meta":{"origin":2125,"position":0},"title":"Mannheim","author":"admin","date":"8. Juli 2020","format":false,"excerpt":"Standort: MannheimIm Pfeiffersw\u00f6rth 32-3668167 Mannheim Telefon: 0621 - \u00a081 09 71 05Email: info@saw-biz.de Die aktuellen Kurstermine finden Sie\u00a0hier. Follow @SAW_Mannheim Ansprechpartner: \u00a0 \u00a0 Senol SenocakGesch\u00e4ftsf\u00fchrers.senocak@saw-biz.net","rel":"","context":"\u00c4hnlicher Beitrag","block_context":{"text":"\u00c4hnlicher Beitrag","link":""},"img":{"alt_text":"","src":"https:\/\/i0.wp.com\/saw-biz.net\/wp-content\/uploads\/2015\/09\/IMG_1550.jpg?resize=350%2C200&ssl=1","width":350,"height":200,"srcset":"https:\/\/i0.wp.com\/saw-biz.net\/wp-content\/uploads\/2015\/09\/IMG_1550.jpg?resize=350%2C200&ssl=1 1x, https:\/\/i0.wp.com\/saw-biz.net\/wp-content\/uploads\/2015\/09\/IMG_1550.jpg?resize=700%2C400&ssl=1 2x, https:\/\/i0.wp.com\/saw-biz.net\/wp-content\/uploads\/2015\/09\/IMG_1550.jpg?resize=1050%2C600&ssl=1 3x"},"classes":[]},{"id":1051,"url":"https:\/\/saw-biz.net\/home\/datenschutzerklaerung\/","url_meta":{"origin":2125,"position":1},"title":"Datenschutzerkl\u00e4rung","author":"admin","date":"16. Dezember 2014","format":false,"excerpt":"Datenschutzerkl\u00e4rung Name und Kontaktdaten des f\u00fcr die Verarbeitung Verantwortlichen sowie des betrieblichen Datenschutzbeauftragten Diese Datenschutz-Information gilt f\u00fcr die Datenverarbeitung durch: Verantwortlicher: SAW-Bildungszentrum Rhein-Neckar UG (haftungsbeschr\u00e4nkt) Gesch\u00e4ftsf\u00fchrer: Senol Senocak Im Pfeiffersw\u00f6rth 32-36 68167 Mannheim Email: info@saw-biz.net Telefon: +49 621 \/ 81 09 71 05 Der betriebliche Datenschutzbeauftragte von SAW-Bildungszentrum Rhein-Neckar UG\u2026","rel":"","context":"\u00c4hnlicher Beitrag","block_context":{"text":"\u00c4hnlicher Beitrag","link":""},"img":{"alt_text":"","src":"","width":0,"height":0},"classes":[]},{"id":2763,"url":"https:\/\/saw-biz.net\/home\/ueber-uns\/partner\/","url_meta":{"origin":2125,"position":2},"title":"Unbenannter Beitrag","author":"Changes SAW-Bildungszentrum","date":"25. September 2015","format":false,"excerpt":"","rel":"","context":"\u00c4hnlicher Beitrag","block_context":{"text":"\u00c4hnlicher Beitrag","link":""},"img":{"alt_text":"","src":"","width":0,"height":0},"classes":[]},{"id":2859,"url":"https:\/\/saw-biz.net\/home\/bildung\/sanitaetsausbildungen\/","url_meta":{"origin":2125,"position":3},"title":"Sanit\u00e4tsausbildungen","author":"Changes SAW-Bildungszentrum","date":"29. September 2015","format":false,"excerpt":"Erste Hilfe Kurs f\u00fcr den F\u00fchrerschein Betrieblicher Ersthelfer Sanit\u00e4tslehrgang f\u00fcr Sicherheitsmitarbeiter","rel":"","context":"\u00c4hnlicher Beitrag","block_context":{"text":"\u00c4hnlicher Beitrag","link":""},"img":{"alt_text":"","src":"","width":0,"height":0},"classes":[]},{"id":1522,"url":"https:\/\/saw-biz.net\/home\/foerdermoeglichkeiten\/","url_meta":{"origin":2125,"position":4},"title":"Unbenannter Beitrag","author":"admin","date":"25. Dezember 2014","format":false,"excerpt":"","rel":"","context":"\u00c4hnlicher Beitrag","block_context":{"text":"\u00c4hnlicher Beitrag","link":""},"img":{"alt_text":"","src":"","width":0,"height":0},"classes":[]},{"id":12557,"url":"https:\/\/saw-biz.net\/home\/wissenswertes\/","url_meta":{"origin":2125,"position":5},"title":"Wissenswertes","author":"admin","date":"11. Juli 2023","format":false,"excerpt":"","rel":"","context":"\u00c4hnlicher Beitrag","block_context":{"text":"\u00c4hnlicher Beitrag","link":""},"img":{"alt_text":"","src":"","width":0,"height":0},"classes":[]}],"_links":{"self":[{"href":"https:\/\/saw-biz.net\/home\/wp-json\/wp\/v2\/pages\/2125","targetHints":{"allow":["GET"]}}],"collection":[{"href":"https:\/\/saw-biz.net\/home\/wp-json\/wp\/v2\/pages"}],"about":[{"href":"https:\/\/saw-biz.net\/home\/wp-json\/wp\/v2\/types\/page"}],"author":[{"embeddable":true,"href":"https:\/\/saw-biz.net\/home\/wp-json\/wp\/v2\/users\/1"}],"replies":[{"embeddable":true,"href":"https:\/\/saw-biz.net\/home\/wp-json\/wp\/v2\/comments?post=2125"}],"version-history":[{"count":3,"href":"https:\/\/saw-biz.net\/home\/wp-json\/wp\/v2\/pages\/2125\/revisions"}],"predecessor-version":[{"id":3775,"href":"https:\/\/saw-biz.net\/home\/wp-json\/wp\/v2\/pages\/2125\/revisions\/3775"}],"wp:attachment":[{"href":"https:\/\/saw-biz.net\/home\/wp-json\/wp\/v2\/media?parent=2125"}],"curies":[{"name":"wp","href":"https:\/\/api.w.org\/{rel}","templated":true}]}}