{"id":1577,"date":"2014-12-25T20:28:50","date_gmt":"2014-12-25T18:28:50","guid":{"rendered":"http:\/\/www.saw-biz.net\/?page_id=1577"},"modified":"2017-03-15T10:25:46","modified_gmt":"2017-03-15T09:25:46","slug":"nordrhein-westfalen","status":"publish","type":"page","link":"https:\/\/saw-biz.net\/home\/foerdermoeglichkeiten\/programme-der-bundeslaender\/nordrhein-westfalen\/","title":{"rendered":"Nordrhein-Westfalen"},"content":{"rendered":"<h3><strong>Nord\u00adrhein-West\u00adfalen: Bildungs\u00adscheck bis 2\u00a0000 Euro<\/strong><\/h3>\n<ul class=\"list-alt\">\n<li><strong>Wer wird gef\u00f6rdert?<\/strong> Arbeitnehmer in Betrieben in Nord\u00adrhein-West\u00adfalen k\u00f6nnen pro Jahr einen Bildungs\u00adscheck beantragen. Auch Berufs\u00adr\u00fcck\u00adkehrer wie Frauen nach der Familien\u00adphase k\u00f6nnen gef\u00f6rdert werden. Das gilt auch f\u00fcr Existenz\u00adgr\u00fcnder inner\u00adhalb der ersten f\u00fcnf Jahre ihrer Selbst\u00adst\u00e4ndig\u00adkeit. Un- und Angelernten soll erm\u00f6glicht werden, einen Berufs\u00adabschluss nach\u00adzuholen. Kleine und mittel\u00adst\u00e4n\u00addische Unternehmen mit weniger als 250 Besch\u00e4ftigten d\u00fcrfen die F\u00f6rderung gesammelt f\u00fcr bis zu 20 ihrer Mitarbeiter beantragen.<\/li>\n<li><strong>Was wird gef\u00f6rdert?<\/strong> Berufliche Weiterbildungen, die fachliche Kompetenzen oder Schl\u00fcssel\u00adqualifikationen vermitteln. Reine arbeits\u00adplatz\u00adbezogene Anpassungs\u00adma\u00dfnahmen, etwa eine Schulung an einer Maschine, z\u00e4hlen nicht dazu.<\/li>\n<li><strong> Wie wird gef\u00f6rdert?<\/strong> Nach einer verbindlichen Bildungs\u00adberatung in einer der Beratungs\u00adstellen des Landes wird ein Bildungs\u00adscheck ausgestellt. Der deckt 50 Prozent der Kosten f\u00fcr eine Weiterbildung ab, maximal 2\u00a0000 Euro. Diese F\u00f6rderh\u00f6chst\u00adsumme gilt bis Mitte 2015. Den Scheck l\u00f6st der Antrag\u00adsteller bei einem der drei auf dem Schein vermerkten Kurs\u00adanbieter ein.<\/li>\n<li><strong>Wer informiert?<\/strong> Die Beratungs\u00adstellen unter <a class=\"nf-external\" title=\"Link \u00f6ffnet neues Fenster\" href=\"http:\/\/www.bildungsscheck.nrw.de\" target=\"_blank\">www.bildungsscheck.nrw.de<\/a>.<\/li>\n<\/ul>","protected":false},"excerpt":{"rendered":"<p>Nord\u00adrhein-West\u00adfalen: Bildungs\u00adscheck bis 2\u00a0000 Euro Wer wird gef\u00f6rdert? Arbeitnehmer in Betrieben in Nord\u00adrhein-West\u00adfalen k\u00f6nnen pro Jahr einen Bildungs\u00adscheck beantragen. Auch Berufs\u00adr\u00fcck\u00adkehrer wie Frauen nach der Familien\u00adphase k\u00f6nnen gef\u00f6rdert werden. Das gilt auch f\u00fcr Existenz\u00adgr\u00fcnder inner\u00adhalb der ersten f\u00fcnf Jahre ihrer Selbst\u00adst\u00e4ndig\u00adkeit. Un- und Angelernten soll erm\u00f6glicht werden, einen Berufs\u00adabschluss nach\u00adzuholen. Kleine und mittel\u00adst\u00e4n\u00addische Unternehmen mit &#8230;<\/p>","protected":false},"author":1,"featured_media":0,"parent":1173,"menu_order":0,"comment_status":"closed","ping_status":"closed","template":"","meta":{"_exactmetrics_skip_tracking":false,"_exactmetrics_sitenote_active":false,"_exactmetrics_sitenote_note":"","_exactmetrics_sitenote_category":0,"jetpack_post_was_ever_published":false,"footnotes":"","_links_to":"","_links_to_target":""},"class_list":["post-1577","page","type-page","status-publish","hentry"],"jetpack_sharing_enabled":true,"jetpack_shortlink":"https:\/\/wp.me\/P5coPr-pr","jetpack-related-posts":[{"id":1177,"url":"https:\/\/saw-biz.net\/home\/foerdermoeglichkeiten\/wegebau\/","url_meta":{"origin":1577,"position":0},"title":"WeGebAU","author":"admin","date":"19. Dezember 2014","format":false,"excerpt":"Chancen f\u00fcr \u00c4ltere und Geringqualifizierte Mit dem Sonderprogramm WeGebAU der Agentur f\u00fcr Arbeit wird Weiterbildung gering qualifizierter und \u00e4lterer Arbeitnehmer in Unternehmen gef\u00f6rdert. Das Programm soll das Interesse und die Bereitschaft von Betrieben und Besch\u00e4ftigten wecken und ist als Impulsgeber gedacht. Damit soll die Entstehung von Arbeitslosigkeit durch Weiterbildung vermieden\u2026","rel":"","context":"\u00c4hnlicher Beitrag","block_context":{"text":"\u00c4hnlicher Beitrag","link":""},"img":{"alt_text":"","src":"","width":0,"height":0},"classes":[]},{"id":1581,"url":"https:\/\/saw-biz.net\/home\/foerdermoeglichkeiten\/programme-der-bundeslaender\/sachsen\/","url_meta":{"origin":1577,"position":1},"title":"Sachsen","author":"admin","date":"25. Dezember 2014","format":false,"excerpt":"Sachsen: Weiterbildungs\u00adscheck F\u00fcr das berufliche Vorankommen sind neben einer guten Ausbildung auch st\u00e4ndige Weiterbildung und die Bereitschaft zum lebenslangen Lernen wichtig. Mit einer individuellen Fortbildung k\u00f6nnen sich Fachkr\u00e4fte weiterentwickeln und sich neue Ziele setzen. Unser \u201eWeiterbildungsscheck \u2013 individuell\u201c richtet sich an Besch\u00e4ftigte, Auszubildende und Berufsfachsch\u00fcler (ab dem vollendeten 18. Lebensjahr),\u2026","rel":"","context":"\u00c4hnlicher Beitrag","block_context":{"text":"\u00c4hnlicher Beitrag","link":""},"img":{"alt_text":"","src":"","width":0,"height":0},"classes":[]},{"id":1176,"url":"https:\/\/saw-biz.net\/home\/foerdermoeglichkeiten\/aufstiegs-bafoeg\/","url_meta":{"origin":1577,"position":2},"title":"Aufstiegs Baf\u00f6g","author":"admin","date":"19. Dezember 2014","format":false,"excerpt":"Aufstiegs Baf\u00f6g Staatliche Zusch\u00fcsse f\u00fcr Fachwirte, Techniker etc. Alters- und einkommensunabh\u00e4ngige F\u00f6rderungen bis zu 10.226,\u2013 Euro! Personen, die das Ziel haben, sich zu Meistern, Technikern, staatlich gepr\u00fcften Betriebswirten, Fachwirten oder Fachkaufleuten fortzubilden, k\u00f6nnen nach dem Aufstiegsfortbildungsf\u00f6rderungs-gesetz (AFBG), dem so genannten Aufstiegs-BAf\u00f6G, gef\u00f6rdert werden. Einen Anspruch haben dabei nicht nur angehende\u2026","rel":"","context":"\u00c4hnlicher Beitrag","block_context":{"text":"\u00c4hnlicher Beitrag","link":""},"img":{"alt_text":"","src":"","width":0,"height":0},"classes":[]},{"id":1172,"url":"https:\/\/saw-biz.net\/home\/foerdermoeglichkeiten\/begabtenfoerderung\/","url_meta":{"origin":1577,"position":3},"title":"Begabtenf\u00f6rderung","author":"admin","date":"19. Dezember 2014","format":false,"excerpt":"Flei\u00df wird jetzt mit bis zu 5.100,\u2013 Euro bezuschusst Begabte junge Leute mit abgeschlossener Berufsausbildung k\u00f6nnen \u00fcber das Stipendium des Bundesministeriums f\u00fcr Bildung und Forschung eine F\u00f6rderung als Zuschuss erhalten. Dies gilt f\u00fcr alle, die j\u00fcnger als 25 Jahre, begabt und motiviert sind und mehr aus sich und ihrem Beruf\u2026","rel":"","context":"\u00c4hnlicher Beitrag","block_context":{"text":"\u00c4hnlicher Beitrag","link":""},"img":{"alt_text":"","src":"","width":0,"height":0},"classes":[]},{"id":1184,"url":"https:\/\/saw-biz.net\/home\/foerdermoeglichkeiten\/berufsfoerderungsdienst-der-bundeswehr\/","url_meta":{"origin":1577,"position":4},"title":"Berufsf\u00f6rderungsdienst der Bundeswehr","author":"admin","date":"19. Dezember 2014","format":false,"excerpt":"Berufsf\u00f6rderungsdienst der Bundeswehr Gef\u00f6rdert werden neben Erst- und Zweitausbildungen und den vorberufsspezifischen Weiterbildungen auch Schulabschl\u00fcsse, das Erlernen einer Fremdsprache, Wirtschafts- und Technik-Lehrg\u00e4nge, aber auch Kurse zur Verbesserung der Allgemeinbildung. Bedingung f\u00fcr die Gew\u00e4hrung eines Zuschusses ist eine vorhergehende Beratung durch den Berufsf\u00f6rderungsdienst der Bundeswehr. Der BFD pr\u00fcft Ihren Antrag und\u2026","rel":"","context":"\u00c4hnlicher Beitrag","block_context":{"text":"\u00c4hnlicher Beitrag","link":""},"img":{"alt_text":"","src":"","width":0,"height":0},"classes":[]},{"id":1175,"url":"https:\/\/saw-biz.net\/home\/foerdermoeglichkeiten\/bildungspraemie\/","url_meta":{"origin":1577,"position":5},"title":"Bildungspr\u00e4mie","author":"admin","date":"19. Dezember 2014","format":false,"excerpt":"Bis zu 500,\u2013 Euro Pr\u00e4miengutschein Um die Bereitschaft zur Weiterbildung zu f\u00f6rdern, bietet die Bundesregierung im Rahmen der \"Bildungspr\u00e4mie\" einen Pr\u00e4miengutschein an. Personen, deren zu versteuerndes Jahreseinkommen derzeit 25.600,\u2013 Euro (oder 51.200,\u2013 Euro bei gemeinsam Veranlagten) nicht \u00fcbersteigt, erhalten bis zu\u00a0500,\u2013 Euro, wenn sie mindestens die gleiche Summe selbst f\u00fcr\u2026","rel":"","context":"\u00c4hnlicher Beitrag","block_context":{"text":"\u00c4hnlicher Beitrag","link":""},"img":{"alt_text":"","src":"","width":0,"height":0},"classes":[]}],"_links":{"self":[{"href":"https:\/\/saw-biz.net\/home\/wp-json\/wp\/v2\/pages\/1577","targetHints":{"allow":["GET"]}}],"collection":[{"href":"https:\/\/saw-biz.net\/home\/wp-json\/wp\/v2\/pages"}],"about":[{"href":"https:\/\/saw-biz.net\/home\/wp-json\/wp\/v2\/types\/page"}],"author":[{"embeddable":true,"href":"https:\/\/saw-biz.net\/home\/wp-json\/wp\/v2\/users\/1"}],"replies":[{"embeddable":true,"href":"https:\/\/saw-biz.net\/home\/wp-json\/wp\/v2\/comments?post=1577"}],"version-history":[{"count":2,"href":"https:\/\/saw-biz.net\/home\/wp-json\/wp\/v2\/pages\/1577\/revisions"}],"predecessor-version":[{"id":2186,"href":"https:\/\/saw-biz.net\/home\/wp-json\/wp\/v2\/pages\/1577\/revisions\/2186"}],"up":[{"embeddable":true,"href":"https:\/\/saw-biz.net\/home\/wp-json\/wp\/v2\/pages\/1173"}],"wp:attachment":[{"href":"https:\/\/saw-biz.net\/home\/wp-json\/wp\/v2\/media?parent=1577"}],"curies":[{"name":"wp","href":"https:\/\/api.w.org\/{rel}","templated":true}]}}