{"id":1341,"date":"2014-12-21T04:06:40","date_gmt":"2014-12-21T02:06:40","guid":{"rendered":"http:\/\/www.saw-biz.net\/?page_id=1341"},"modified":"2023-07-11T13:18:41","modified_gmt":"2023-07-11T11:18:41","slug":"management","status":"publish","type":"page","link":"https:\/\/saw-biz.net\/home\/bildung\/management\/","title":{"rendered":"Ausbildereignungspr\u00fcfung AEVO"},"content":{"rendered":"<h3>Vorwort<\/h3>\n<p>Der AdA-Schein (Ausbildung der Ausbilder) oder auch AEVO (Ausbildereignung) genannt, ist ein Nachweis \u00fcber die Bef\u00e4higung zur beruflichen Ausbildung von Menschen in Deutschland.<\/p>\n<p>Zweck des AdA-Scheins: Der AdA-Schein dient dazu, sicherzustellen, dass Ausbilder und Ausbilderinnen \u00fcber das n\u00f6tige Fachwissen und die p\u00e4dagogischen F\u00e4higkeiten verf\u00fcgen, um Auszubildende erfolgreich zu unterrichten und anzuleiten. Der Schein ist eine Voraussetzung f\u00fcr die Ausbildung von Auszubildenden in dualen Ausbildungsg\u00e4ngen.<\/p>\n<h3>Zielgruppe<\/h3>\n<p>Der AdA-Schein richtet sich an Personen, die in der beruflichen Ausbildung t\u00e4tig sind oder t\u00e4tig werden m\u00f6chten, zum Beispiel Ausbilder und Ausbilderinnen in Unternehmen, aber auch Dozenten oder Dozentinnen an Bildungszentren oder andere p\u00e4dagogisch t\u00e4tige Personen.<\/p>\n<h3>Dauer der Weiterbildung<\/h3>\n<p>Je nach Gruppengr\u00f6\u00dfe und Kundenwunsch, haben wir verschiedene Modelle als Pr\u00e4senz- oder Onlinelehrgang zwischen 40 und 80 Unterrichtseinheiten von je 45 Minuten.<\/p>\n<h3>Inhalte<\/h3>\n<ol class=\"rte--list\">\n<li>Ausbildungsvoraussetzungen pr\u00fcfen und Ausbildung planen<\/li>\n<li>Ausbildung vorbereiten und bei der Einstellung von Auszubildenden mitwirken<\/li>\n<li>Ausbildung durchf\u00fchren<\/li>\n<li>Ausbildung abschlie\u00dfen.<\/li>\n<\/ol>\n<p>Der AdA-Schein umfasst verschiedene Lerninhalte und Themen. Dazu geh\u00f6ren rechtliche und organisatorische Rahmenbedingungen der Ausbildung, p\u00e4dagogische Grundlagen, Methoden der Ausbildungsgestaltung, Pr\u00fcfungs- und Beurteilungswesen sowie Qualit\u00e4tssicherung in der Ausbildung.<\/p>\n<h3>Unterrichtszeiten<\/h3>\n<ul>\n<li>Montag &#8211; Freitags in Vollzeit von 08.30 Uhr &#8211; 16.00 Uhr in \u00a0Pr\u00e4senz oder Onlineform. \u00a0 \u00a0 \u00a0 \u00a0 \u00a0 \u00a0 \u00a0 \u00a0 \u00a0 \u00a0 Wochenende- und Abendkurse sind m\u00f6glich.<\/li>\n<\/ul>\n<h3>Zulassungsvoraussetzungen<\/h3>\n<ul>\n<li>Es gibt keine Zulassungsvoraussetzungen.<\/li>\n<\/ul>\n<h3>Kosten<\/h3>\n<ul>\n<li>Auf Anfrage<\/li>\n<\/ul>\n<h3>Abschluss<\/h3>\n<ul>\n<li>AdA-Schein von der IHK<\/li>\n<li>Tr\u00e4gerinternes Teilnahmezertifikat<\/li>\n<\/ul>\n<p>\u00a0<\/p>\n<p>\u00a0<\/p>","protected":false},"excerpt":{"rendered":"<p>Vorwort Der AdA-Schein (Ausbildung der Ausbilder) oder auch AEVO (Ausbildereignung) genannt, ist ein Nachweis \u00fcber die Bef\u00e4higung zur beruflichen Ausbildung von Menschen in Deutschland. Zweck des AdA-Scheins: Der AdA-Schein dient dazu, sicherzustellen, dass Ausbilder und Ausbilderinnen \u00fcber das n\u00f6tige Fachwissen und die p\u00e4dagogischen F\u00e4higkeiten verf\u00fcgen, um Auszubildende erfolgreich zu unterrichten und anzuleiten. Der Schein ist &#8230;<\/p>","protected":false},"author":1,"featured_media":0,"parent":1229,"menu_order":222,"comment_status":"closed","ping_status":"closed","template":"","meta":{"_exactmetrics_skip_tracking":false,"_exactmetrics_sitenote_active":false,"_exactmetrics_sitenote_note":"","_exactmetrics_sitenote_category":0,"jetpack_post_was_ever_published":true,"footnotes":"","_links_to":"","_links_to_target":""},"class_list":["post-1341","page","type-page","status-publish","hentry"],"jetpack_sharing_enabled":true,"jetpack_shortlink":"https:\/\/wp.me\/P5coPr-lD","jetpack-related-posts":[{"id":1120,"url":"https:\/\/saw-biz.net\/home\/bildung\/ada-ausbildung-der-ausbilder\/","url_meta":{"origin":1341,"position":0},"title":"AdA &#8211; Ausbildung der Ausbilder","author":"admin","date":"19. Dezember 2014","format":false,"excerpt":"[pdf_button]\/wp-content\/uploads\/2015\/08\/Soldaten-Ausbildung-der-Ausbilder.pdf[\/pdf_button] Vorwort Du bist als Ausbilder f\u00fcr die qualifizierte Ausbildung von Auszubildenden\u00a0verantwortlich und organisierst, kontrollierst und f\u00fchrst die Ausbildung\u00a0im Unternehmen durch. Auf Grundlage Deiner berufs- und arbeitsp\u00e4dagogischen\u00a0Kenntnisse l\u00f6st Du Problemsituationen effektiv und motivierst die Auszubildenden.\u00a0 Zielgruppe Besch\u00e4ftigte im gewerblich-technischen Bereich kaufm\u00e4nnische Angestellte oder Mitarbeiter im \u00f6ffentlichen Dienst. Selbstst\u00e4ndige aller Branchen,\u2026","rel":"","context":"\u00c4hnlicher Beitrag","block_context":{"text":"\u00c4hnlicher Beitrag","link":""},"img":{"alt_text":"","src":"","width":0,"height":0},"classes":[]},{"id":2374,"url":"https:\/\/saw-biz.net\/home\/bildung\/management\/ada-ausbildung-der-ausbilder\/","url_meta":{"origin":1341,"position":1},"title":"AdA \u2013 Ausbildung der Ausbilder","author":"admin","date":"9. September 2015","format":false,"excerpt":"[pdf_button]\/wp-content\/uploads\/2015\/09\/Management-Ausbildung-der-Ausbilder.pdf[\/pdf_button] Vorwort Du bist als Ausbilder f\u00fcr die qualifizierte Ausbildung von Auszubildenden\u00a0verantwortlich und organisierst, kontrollierst und f\u00fchrst die Ausbildung\u00a0im Unternehmen durch. Auf Grundlage Deiner berufs- und arbeitsp\u00e4dagogischen\u00a0Kenntnisse l\u00f6st Du Problemsituationen effektiv und motivierst die Auszubildenden.\u00a0 Zielgruppe Besch\u00e4ftigte im gewerblich-technischen Bereich kaufm\u00e4nnische Angestellte oder Mitarbeiter im \u00f6ffentlichen Dienst. Selbstst\u00e4ndige aller Branchen,\u2026","rel":"","context":"\u00c4hnlicher Beitrag","block_context":{"text":"\u00c4hnlicher Beitrag","link":""},"img":{"alt_text":"","src":"","width":0,"height":0},"classes":[]},{"id":1109,"url":"https:\/\/saw-biz.net\/home\/bildung\/sicherheit\/meister-fuer-schutz-und-sicherheit\/","url_meta":{"origin":1341,"position":2},"title":"Meister f\u00fcr Schutz und Sicherheit","author":"admin","date":"19. Dezember 2014","format":false,"excerpt":"[pdf_button]\/wp-content\/uploads\/2015\/09\/Sicherheit-Meister-Schutz-und-Sicherheit.pdf[\/pdf_button] Vorwort Als Meister\/in f\u00fcr Schutz und Sicherheit habst Du einen au\u00dferordentlichen vielf\u00e4ltigen und interessanten Beruf. Du nimmst in Firmen und Betrieben F\u00fchrungsaufgaben war. Als Gepr\u00fcfter Meister\/in f\u00fcr Schutz und Sicherheit bist Du in privaten und \u00f6ffentlichen Unternehmen unterschiedlicher Gr\u00f6\u00dfe und Branchenzugeh\u00f6rigkeit t\u00e4tig. In verschiedenen Bereichen und T\u00e4tigkeitsfeldern eines Unternehmens\u2026","rel":"","context":"\u00c4hnlicher Beitrag","block_context":{"text":"\u00c4hnlicher Beitrag","link":""},"img":{"alt_text":"","src":"","width":0,"height":0},"classes":[]},{"id":1065,"url":"https:\/\/saw-biz.net\/home\/bildung\/meister-fuer-schutz-und-sicherheit\/","url_meta":{"origin":1341,"position":3},"title":"Meister f\u00fcr Schutz und Sicherheit","author":"admin","date":"18. Dezember 2014","format":false,"excerpt":"15 Monate - SaZ 8: [pdf_button]\/wp-content\/uploads\/2015\/08\/Soldaten-Meister-f\u00fcr-Schutz-und-Sicherheit-15-Monate.pdf[\/pdf_button] 24 Monate - SaZ 12: [pdf_button]\/wp-content\/uploads\/2015\/08\/Soldaten-Meister-f\u00fcr-Schutz-und-Sicherheit-24-Monate.pdf[\/pdf_button] Vorwort Als Meister\/in f\u00fcr Schutz und Sicherheit hast Du einen au\u00dferordentlichen vielf\u00e4ltigen und interessanten Beruf. Du nimmst in Firmen und Betrieben F\u00fchrungsaufgaben war. Als Gepr\u00fcfter Meister\/in f\u00fcr Schutz und Sicherheit bist Du in privaten und \u00f6ffentlichen Unternehmen unterschiedlicher\u2026","rel":"","context":"\u00c4hnlicher Beitrag","block_context":{"text":"\u00c4hnlicher Beitrag","link":""},"img":{"alt_text":"","src":"","width":0,"height":0},"classes":[]},{"id":2454,"url":"https:\/\/saw-biz.net\/home\/ueber-uns\/","url_meta":{"origin":1341,"position":4},"title":"\u00dcber Uns","author":"admin","date":"11. September 2015","format":false,"excerpt":"Unsere Firmenphilosophie:\u00a0\"Ausbildung schafft Zukunft\" Wir sind ein engagiertes Unternehmen, das sich zum Ziel gesetzt hat, den hohen Bedarf an qualifizierten Sicherheitskr\u00e4ften zu decken. Unsere Mission ist es, f\u00fcr die Sicherheitswirtschaft aus- und weiterzubilden, um eine sichere und gesch\u00fctzte Umgebung f\u00fcr Unternehmen und Gemeinschaften zu gew\u00e4hrleisten. Warum uns w\u00e4hlen? Qualit\u00e4t und\u2026","rel":"","context":"\u00c4hnlicher Beitrag","block_context":{"text":"\u00c4hnlicher Beitrag","link":""},"img":{"alt_text":"","src":"","width":0,"height":0},"classes":[]},{"id":1110,"url":"https:\/\/saw-biz.net\/home\/bildung\/fachkraft-fuer-schutz-und-sicherheit\/","url_meta":{"origin":1341,"position":5},"title":"Fachkraft f\u00fcr Schutz und Sicherheit","author":"admin","date":"19. Dezember 2014","format":false,"excerpt":"[pdf_button]http:\/\/saw-biz.net\/wp-content\/uploads\/2017\/02\/5.-Fachkraft-Schutz-und-Sicherheit-Soldaten-ohne-Anschnitt.pdf[\/pdf_button] Vorwort Fachkr\u00e4fte f\u00fcr Schutz und Sicherheit sch\u00fctzen Personen, Objekte, Anlagen und Werte. Sie planen vorbeugende Ma\u00dfnahmen f\u00fcr deren Sicherheit bzw. zur Abwehr von Gefahren und f\u00fchren sie durch. In erster Linie arbeiten sie in Betrieben des Objekt-, Werte- und Personenschutzes bzw. in der Sicherheitsberatung und -schulung. Auch in Flughafenbetrieben\u2026","rel":"","context":"\u00c4hnlicher Beitrag","block_context":{"text":"\u00c4hnlicher Beitrag","link":""},"img":{"alt_text":"","src":"","width":0,"height":0},"classes":[]}],"_links":{"self":[{"href":"https:\/\/saw-biz.net\/home\/wp-json\/wp\/v2\/pages\/1341","targetHints":{"allow":["GET"]}}],"collection":[{"href":"https:\/\/saw-biz.net\/home\/wp-json\/wp\/v2\/pages"}],"about":[{"href":"https:\/\/saw-biz.net\/home\/wp-json\/wp\/v2\/types\/page"}],"author":[{"embeddable":true,"href":"https:\/\/saw-biz.net\/home\/wp-json\/wp\/v2\/users\/1"}],"replies":[{"embeddable":true,"href":"https:\/\/saw-biz.net\/home\/wp-json\/wp\/v2\/comments?post=1341"}],"version-history":[{"count":28,"href":"https:\/\/saw-biz.net\/home\/wp-json\/wp\/v2\/pages\/1341\/revisions"}],"predecessor-version":[{"id":12576,"href":"https:\/\/saw-biz.net\/home\/wp-json\/wp\/v2\/pages\/1341\/revisions\/12576"}],"up":[{"embeddable":true,"href":"https:\/\/saw-biz.net\/home\/wp-json\/wp\/v2\/pages\/1229"}],"wp:attachment":[{"href":"https:\/\/saw-biz.net\/home\/wp-json\/wp\/v2\/media?parent=1341"}],"curies":[{"name":"wp","href":"https:\/\/api.w.org\/{rel}","templated":true}]}}