{"id":1326,"date":"2014-12-21T02:54:07","date_gmt":"2014-12-21T00:54:07","guid":{"rendered":"http:\/\/www.saw-biz.net\/?page_id=1326"},"modified":"2023-07-11T16:17:27","modified_gmt":"2023-07-11T14:17:27","slug":"home","status":"publish","type":"page","link":"https:\/\/saw-biz.net\/home\/","title":{"rendered":"Startseite"},"content":{"rendered":"<h3 class=\"wp-block-heading\"><strong>Herzlich Willkommen <\/strong><\/h3>\n\n\n\n<p>Sch\u00f6n, dass Du den Weg zu uns gefunden hast. Hier bist Du genau richtig, um dein Wissen und deine F\u00e4higkeiten im Bereich der Sicherheit zu erweitern. Wir stehen dir zur Seite, um dir eine praxisorientierte Aus- und Weiterbildung zu bieten, damit Du in der dynamischen Welt der Sicherheitsbranche erfolgreich sein kannst. <\/p>\n\n\n\n<p>Regional sind wir zum gr\u00f6\u00dften Aus- und Weiterbildungsanbieter f\u00fcr die private Sicherheitswirtschaft angewachsen und dadurch zum kompetenten Ansprech- und Gesch\u00e4ftspartner, sowohl f\u00fcr zahlreiche namhafte Unternehmen der Wirtschaft, wie auch f\u00fcr Beh\u00f6rden im gesamten Bundesgebiet geworden.<\/p>\n\n\n\n<p>Unsere erfahrenen Dozenten sind darauf spezialisiert, dich bestm\u00f6glich zu unterst\u00fctzen und dir das n\u00f6tige Fachwissen zu vermitteln. Wir legen gro\u00dfen Wert auf deine pers\u00f6nliche Entwicklung und begleiten dich auf deinem Weg zum Erfolg.<\/p>\n\n\n\n<p>Tauche ein in unsere Kurse, Aus- und Weiterbildungen und profitiere von unserem umfangreichen Angebot. Wir freuen uns darauf, dich auf deiner Reise zu begleiten und dich dabei zu unterst\u00fctzen, deine Ziele im Bereich der Sicherheit zu erreichen.<\/p>\n\n\n\n<p>Also, worauf wartest Du noch?                                                                                                                          Starte jetzt deine Aus- und Weiterbildung im SAW-Bildungszentrum Rhein-Neckar und bereite dich auf eine spannende Karriere vor!<\/p>\n\n\n\n<p><span style=\"font-size: revert;\">Wir freuen uns von Dir zu h\u00f6ren.<\/span><\/p>\n\n\n\n<p>Dein SAW-Bildungszentrum Rhein-Neckar<\/p>","protected":false},"excerpt":{"rendered":"<p>Herzlich Willkommen Sch\u00f6n, dass Du den Weg zu uns gefunden hast. Hier bist Du genau richtig, um dein Wissen und deine F\u00e4higkeiten im Bereich der Sicherheit zu erweitern. Wir stehen dir zur Seite, um dir eine praxisorientierte Aus- und Weiterbildung zu bieten, damit Du in der dynamischen Welt der Sicherheitsbranche erfolgreich sein kannst. Regional sind &#8230;<\/p>","protected":false},"author":1,"featured_media":0,"parent":0,"menu_order":1,"comment_status":"closed","ping_status":"closed","template":"","meta":{"_exactmetrics_skip_tracking":false,"_exactmetrics_sitenote_active":false,"_exactmetrics_sitenote_note":"","_exactmetrics_sitenote_category":0,"jetpack_post_was_ever_published":true,"footnotes":"","_links_to":"","_links_to_target":""},"class_list":["post-1326","page","type-page","status-publish","hentry"],"jetpack_sharing_enabled":true,"jetpack_shortlink":"https:\/\/wp.me\/P5coPr-lo","jetpack-related-posts":[{"id":2454,"url":"https:\/\/saw-biz.net\/home\/ueber-uns\/","url_meta":{"origin":1326,"position":0},"title":"\u00dcber Uns","author":"admin","date":"11. September 2015","format":false,"excerpt":"Unsere Firmenphilosophie:\u00a0\"Ausbildung schafft Zukunft\" Wir sind ein engagiertes Unternehmen, das sich zum Ziel gesetzt hat, den hohen Bedarf an qualifizierten Sicherheitskr\u00e4ften zu decken. Unsere Mission ist es, f\u00fcr die Sicherheitswirtschaft aus- und weiterzubilden, um eine sichere und gesch\u00fctzte Umgebung f\u00fcr Unternehmen und Gemeinschaften zu gew\u00e4hrleisten. Warum uns w\u00e4hlen? Qualit\u00e4t und\u2026","rel":"","context":"\u00c4hnlicher Beitrag","block_context":{"text":"\u00c4hnlicher Beitrag","link":""},"img":{"alt_text":"","src":"","width":0,"height":0},"classes":[]},{"id":1174,"url":"https:\/\/saw-biz.net\/home\/foerdermoeglichkeiten\/bildungsgutschein\/","url_meta":{"origin":1326,"position":1},"title":"Bildungsgutschein","author":"admin","date":"19. Dezember 2014","format":false,"excerpt":"Was ist ein Bildungsgutschein? Arbeitssuchende, aber auch Arbeitnehmer\/innen, die von Arbeitslosigkeit betroffen sind, k\u00f6nnen Anspruch auf F\u00f6rderung f\u00fcr ihre berufliche Weiterbildung haben, wenn der Vermittler die Notwendigkeit der Integration in das Berufsleben sieht. Deine \u00f6rtliche Agentur f\u00fcr Arbeit oder das\u00a0 Jobcenter stellt Dir daf\u00fcr einen Bildungsgutschein aus. Wie bekomme ich\u2026","rel":"","context":"\u00c4hnlicher Beitrag","block_context":{"text":"\u00c4hnlicher Beitrag","link":""},"img":{"alt_text":"","src":"","width":0,"height":0},"classes":[]},{"id":12629,"url":"https:\/\/saw-biz.net\/home\/kompaktlehrgang-sicherheitskraft\/","url_meta":{"origin":1326,"position":2},"title":"Kompaktlehrgang Sicherheitskraft","author":"admin","date":"13. Juli 2023","format":false,"excerpt":"Vorwort Wir verstehen, dass die sprachliche Barriere eine Herausforderung darstellen kann, aber wir sind fest davon \u00fcberzeugt, dass Sprache keine Grenzen setzen sollte, wenn es um die Sicherheit von Menschen und Eigentum geht. Der Kompaktlehrgang beinhaltet das Unterrichtsverfahren gem\u00e4\u00df \u00a734a GewO, dass mit dem Deutsch Niveau B1 gut absolviert werden\u2026","rel":"","context":"\u00c4hnlicher Beitrag","block_context":{"text":"\u00c4hnlicher Beitrag","link":""},"img":{"alt_text":"","src":"","width":0,"height":0},"classes":[]},{"id":12577,"url":"https:\/\/saw-biz.net\/home\/mobile-sicherheitskraft-inkl-pkw-fuehrerschein\/","url_meta":{"origin":1326,"position":3},"title":"Mobile Sicherheitskraft inkl. PKW F\u00fchrerschein","author":"admin","date":"11. Juli 2023","format":false,"excerpt":"Vorwort Mobil und sicher - Dein Weg zur Mobilen Sicherheitskraft! Herzlich willkommen zu unserer Ma\u00dfnahme, die dich auf den spannenden Berufsweg der Mobilen Sicherheitskraft vorbereitet und dir gleichzeitig die M\u00f6glichkeit bietet, den F\u00fchrerschein zu erwerben. In einer Welt, in der Mobilit\u00e4t und Sicherheit eine zunehmend wichtige Rolle spielen, bieten wir\u2026","rel":"","context":"\u00c4hnlicher Beitrag","block_context":{"text":"\u00c4hnlicher Beitrag","link":""},"img":{"alt_text":"","src":"","width":0,"height":0},"classes":[]},{"id":1065,"url":"https:\/\/saw-biz.net\/home\/bildung\/meister-fuer-schutz-und-sicherheit\/","url_meta":{"origin":1326,"position":4},"title":"Meister f\u00fcr Schutz und Sicherheit","author":"admin","date":"18. Dezember 2014","format":false,"excerpt":"15 Monate - SaZ 8: [pdf_button]\/wp-content\/uploads\/2015\/08\/Soldaten-Meister-f\u00fcr-Schutz-und-Sicherheit-15-Monate.pdf[\/pdf_button] 24 Monate - SaZ 12: [pdf_button]\/wp-content\/uploads\/2015\/08\/Soldaten-Meister-f\u00fcr-Schutz-und-Sicherheit-24-Monate.pdf[\/pdf_button] Vorwort Als Meister\/in f\u00fcr Schutz und Sicherheit hast Du einen au\u00dferordentlichen vielf\u00e4ltigen und interessanten Beruf. Du nimmst in Firmen und Betrieben F\u00fchrungsaufgaben war. Als Gepr\u00fcfter Meister\/in f\u00fcr Schutz und Sicherheit bist Du in privaten und \u00f6ffentlichen Unternehmen unterschiedlicher\u2026","rel":"","context":"\u00c4hnlicher Beitrag","block_context":{"text":"\u00c4hnlicher Beitrag","link":""},"img":{"alt_text":"","src":"","width":0,"height":0},"classes":[]},{"id":1109,"url":"https:\/\/saw-biz.net\/home\/bildung\/sicherheit\/meister-fuer-schutz-und-sicherheit\/","url_meta":{"origin":1326,"position":5},"title":"Meister f\u00fcr Schutz und Sicherheit","author":"admin","date":"19. Dezember 2014","format":false,"excerpt":"[pdf_button]\/wp-content\/uploads\/2015\/09\/Sicherheit-Meister-Schutz-und-Sicherheit.pdf[\/pdf_button] Vorwort Als Meister\/in f\u00fcr Schutz und Sicherheit habst Du einen au\u00dferordentlichen vielf\u00e4ltigen und interessanten Beruf. Du nimmst in Firmen und Betrieben F\u00fchrungsaufgaben war. Als Gepr\u00fcfter Meister\/in f\u00fcr Schutz und Sicherheit bist Du in privaten und \u00f6ffentlichen Unternehmen unterschiedlicher Gr\u00f6\u00dfe und Branchenzugeh\u00f6rigkeit t\u00e4tig. In verschiedenen Bereichen und T\u00e4tigkeitsfeldern eines Unternehmens\u2026","rel":"","context":"\u00c4hnlicher Beitrag","block_context":{"text":"\u00c4hnlicher Beitrag","link":""},"img":{"alt_text":"","src":"","width":0,"height":0},"classes":[]}],"_links":{"self":[{"href":"https:\/\/saw-biz.net\/home\/wp-json\/wp\/v2\/pages\/1326","targetHints":{"allow":["GET"]}}],"collection":[{"href":"https:\/\/saw-biz.net\/home\/wp-json\/wp\/v2\/pages"}],"about":[{"href":"https:\/\/saw-biz.net\/home\/wp-json\/wp\/v2\/types\/page"}],"author":[{"embeddable":true,"href":"https:\/\/saw-biz.net\/home\/wp-json\/wp\/v2\/users\/1"}],"replies":[{"embeddable":true,"href":"https:\/\/saw-biz.net\/home\/wp-json\/wp\/v2\/comments?post=1326"}],"version-history":[{"count":113,"href":"https:\/\/saw-biz.net\/home\/wp-json\/wp\/v2\/pages\/1326\/revisions"}],"predecessor-version":[{"id":12590,"href":"https:\/\/saw-biz.net\/home\/wp-json\/wp\/v2\/pages\/1326\/revisions\/12590"}],"wp:attachment":[{"href":"https:\/\/saw-biz.net\/home\/wp-json\/wp\/v2\/media?parent=1326"}],"curies":[{"name":"wp","href":"https:\/\/api.w.org\/{rel}","templated":true}]}}