{"id":1227,"date":"2014-12-19T06:02:27","date_gmt":"2014-12-19T04:02:27","guid":{"rendered":"http:\/\/www.saw-biz.net\/?page_id=1227"},"modified":"2023-12-05T12:11:13","modified_gmt":"2023-12-05T11:11:13","slug":"sicherheit","status":"publish","type":"page","link":"https:\/\/saw-biz.net\/home\/bildung\/sicherheit\/","title":{"rendered":"Sicherheit"},"content":{"rendered":"<p><strong>Sicherheitsausbildung<\/strong><\/p>\n\n\n\n<ul class=\"wp-block-list\">\n<li><a href=\"https:\/\/saw-biz.net\/home\/bildung\/sicherheit\/\" data-type=\"page\" data-id=\"1227\">Vorbereitung auf die Sachkundepr\u00fcfung \u00a7 34a GewO<\/a><\/li>\n\n\n\n<li><a href=\"https:\/\/saw-biz.net\/home\/?page_id=12500\" data-type=\"page\" data-id=\"12500\">Grundausbildung Sicherheitskraft<\/a><\/li>\n\n\n\n<li><a href=\"https:\/\/saw-biz.net\/home\/?page_id=12577\" data-type=\"URL\" data-id=\"https:\/\/saw-biz.net\/home\/?page_id=12577\" target=\"_blank\" rel=\"noreferrer noopener\">Mobile Sicherheitskraft inkl. PKW F\u00fchrerschein<\/a><\/li>\n\n\n\n<li><a href=\"https:\/\/saw-biz.net\/home\/?page_id=12629\" data-type=\"page\" data-id=\"12629\">Kompaktlehrgang Sicherheitskraft inkl. Unterrichtungsverfahren \u00a734a GewO<\/a><\/li>\n\n\n\n<li><a href=\"\/bildung\/sicherheit\/gepruefte-schutz-und-sicherheitskraft\/\" data-type=\"URL\" data-id=\"\/bildung\/sicherheit\/gepruefte-schutz-und-sicherheitskraft\/\">Gepr\u00fcfte Schutz- und Sicherheitskraft IHK<\/a><\/li>\n\n\n\n<li><a href=\"\/bildung\/sicherheit\/fachkraft-fuer-schutz-und-sicherheit\/\">Umschulung zur Fachkraft f\u00fcr Schutz und Sicherheit<\/a><\/li>\n\n\n\n<li>Externenpr\u00fcfung Fachkraft f\u00fcr Schutz und Sicherheit<\/li>\n\n\n\n<li><a href=\"\/bildung\/sicherheit\/meister-fuer-schutz-und-sicherheit\/\">Meister f\u00fcr Schutz und Sicherheit<\/a><\/li>\n\n\n\n<li><a href=\"\/bildung\/sicherheit\/waffensachkunde-\u00a77-waffg\/\">Waffensachkunde \u00a7 7 WaffG<\/a><\/li>\n\n\n\n<li>Brandschutz- und Evakuierungshelfer<\/li>\n\n\n\n<li>Sanit\u00e4tslehrgang f\u00fcr Sicherheitsmitarbeiter <p>&nbsp;<\/p> <\/li>\n<\/ul>","protected":false},"excerpt":{"rendered":"<p>Sicherheitsausbildung Vorbereitung auf die Sachkundepr\u00fcfung \u00a7 34a GewO Grundausbildung Sicherheitskraft Mobile Sicherheitskraft inkl. PKW F\u00fchrerschein Kompaktlehrgang Sicherheitskraft inkl. Unterrichtungsverfahren \u00a734a GewO Gepr\u00fcfte Schutz- und Sicherheitskraft IHK Umschulung zur Fachkraft f\u00fcr Schutz und Sicherheit Externenpr\u00fcfung Fachkraft f\u00fcr Schutz und Sicherheit Meister f\u00fcr Schutz und Sicherheit Waffensachkunde \u00a7 7 WaffG Brandschutz- und Evakuierungshelfer Sanit\u00e4tslehrgang f\u00fcr Sicherheitsmitarbeiter &nbsp;<\/p>","protected":false},"author":1,"featured_media":0,"parent":1229,"menu_order":0,"comment_status":"closed","ping_status":"closed","template":"","meta":{"_exactmetrics_skip_tracking":false,"_exactmetrics_sitenote_active":false,"_exactmetrics_sitenote_note":"","_exactmetrics_sitenote_category":0,"jetpack_post_was_ever_published":false,"footnotes":"","_links_to":"","_links_to_target":""},"class_list":["post-1227","page","type-page","status-publish","hentry"],"jetpack_sharing_enabled":true,"jetpack_shortlink":"https:\/\/wp.me\/P5coPr-jN","jetpack-related-posts":[{"id":12577,"url":"https:\/\/saw-biz.net\/home\/mobile-sicherheitskraft-inkl-pkw-fuehrerschein\/","url_meta":{"origin":1227,"position":0},"title":"Mobile Sicherheitskraft inkl. PKW F\u00fchrerschein","author":"admin","date":"11. Juli 2023","format":false,"excerpt":"Vorwort Mobil und sicher - Dein Weg zur Mobilen Sicherheitskraft! Herzlich willkommen zu unserer Ma\u00dfnahme, die dich auf den spannenden Berufsweg der Mobilen Sicherheitskraft vorbereitet und dir gleichzeitig die M\u00f6glichkeit bietet, den F\u00fchrerschein zu erwerben. In einer Welt, in der Mobilit\u00e4t und Sicherheit eine zunehmend wichtige Rolle spielen, bieten wir\u2026","rel":"","context":"\u00c4hnlicher Beitrag","block_context":{"text":"\u00c4hnlicher Beitrag","link":""},"img":{"alt_text":"","src":"","width":0,"height":0},"classes":[]},{"id":12629,"url":"https:\/\/saw-biz.net\/home\/kompaktlehrgang-sicherheitskraft\/","url_meta":{"origin":1227,"position":1},"title":"Kompaktlehrgang Sicherheitskraft","author":"admin","date":"13. Juli 2023","format":false,"excerpt":"Vorwort Wir verstehen, dass die sprachliche Barriere eine Herausforderung darstellen kann, aber wir sind fest davon \u00fcberzeugt, dass Sprache keine Grenzen setzen sollte, wenn es um die Sicherheit von Menschen und Eigentum geht. Der Kompaktlehrgang beinhaltet das Unterrichtsverfahren gem\u00e4\u00df \u00a734a GewO, dass mit dem Deutsch Niveau B1 gut absolviert werden\u2026","rel":"","context":"\u00c4hnlicher Beitrag","block_context":{"text":"\u00c4hnlicher Beitrag","link":""},"img":{"alt_text":"","src":"","width":0,"height":0},"classes":[]},{"id":12500,"url":"https:\/\/saw-biz.net\/home\/grundausbildung-sicherheitskraft\/","url_meta":{"origin":1227,"position":2},"title":"Grundausbildung Sicherheitskraft","author":"admin","date":"10. Juli 2023","format":false,"excerpt":"Vorwort Mit der Grundausbildung Sicherheitskraft, bist Du bestens vorbereitet und den meisten Sicherheitsmitarbeitern einen Schritt voraus. Durch wichtige Zusatzqualifikationen, machst Du dich f\u00fcr den Arbeitsmarkt sehr attraktiv und das spiegelt sich auch im Verdienst wieder. Zielgruppe Personen die in der Sicherheitsbrache gut aufgestellt und flexibel sein m\u00f6chten. Dauer der Ausbildung\u2026","rel":"","context":"\u00c4hnlicher Beitrag","block_context":{"text":"\u00c4hnlicher Beitrag","link":""},"img":{"alt_text":"","src":"","width":0,"height":0},"classes":[]},{"id":1113,"url":"https:\/\/saw-biz.net\/home\/bildung\/sicherheit\/grundausbildung-sicherheitskraft\/","url_meta":{"origin":1227,"position":3},"title":"Grundausbildung Sicherheitskraft","author":"admin","date":"19. Dezember 2014","format":false,"excerpt":"[pdf_button]\/wp-content\/uploads\/2015\/09\/Sicherheit-Grundausbildung-Sicherheitskraft.pdf[\/pdf_button] Zielgruppe Wir suchen weibliche \/ m\u00e4nnliche Personen mit Interesse f\u00fcr eine berufliche Neuorientierung bzw. Qualifizierung im Sicherheitsgewerbe. Dauer der Ausbildung 7600 Stunden Theorie 120 Stunden Praxis Mindestalter von 18 Jahren Inhalte der Ausbildung Sachkunde nach \u00a734a GewO Dienstkunde Betriebssanit\u00e4ter (BG) Waffensachkunde \u00a77 WaffG Brandschutz- und Evakuierungshelfer \u00a710 ArbSchG Eingriffsbefugnisse\u2026","rel":"","context":"\u00c4hnlicher Beitrag","block_context":{"text":"\u00c4hnlicher Beitrag","link":""},"img":{"alt_text":"","src":"","width":0,"height":0},"classes":[]},{"id":2913,"url":"https:\/\/saw-biz.net\/home\/bildung\/sicherheit\/mobile-sicherheitskraft\/","url_meta":{"origin":1227,"position":4},"title":"Mobile Sicherheitskraft","author":"Changes SAW-Bildungszentrum","date":"2. Oktober 2015","format":false,"excerpt":"[pdf_button]\/wp-content\/uploads\/2015\/10\/Sicherheit-Mobile-Sicherheitskraft.pdf[\/pdf_button] Zielgruppe Personen (m \/ w) mit Interesse f\u00fcr eine berufliche Neuorientierung bzw. Qualifizierung im Sicherheitsgewerbe. Dauer der Ausbildung 880 Stunden Theorie Inhalte der Ausbildung Sachkunde nach \u00a734a GewO (IHK) Dienstkunde F\u00fchrerschein Klasse B (PKW) Waffensachkunde \u00a77 WaffG Brandschutz- und Evakuierungshelfer \u00a710 ArbSchG Ersthelfer (16 Stunden) Unterrichtszeiten Die Ausbildung findet\u2026","rel":"","context":"\u00c4hnlicher Beitrag","block_context":{"text":"\u00c4hnlicher Beitrag","link":""},"img":{"alt_text":"","src":"","width":0,"height":0},"classes":[]},{"id":2493,"url":"https:\/\/saw-biz.net\/home\/ueber-uns\/leitbild\/","url_meta":{"origin":1227,"position":5},"title":"Zahlen und Fakten","author":"admin","date":"15. September 2015","format":false,"excerpt":"Die Sicherheitswirtschaft ist ein bedeutender Arbeitgeber in Deutschland. Laut Angaben des Bundesverbandes der Sicherheitswirtschaft (BDSW) gibt es mehr als 250.000 Besch\u00e4ftigte in der Branche (Stand 2021). Die Zahl der Mitarbeiterinnen und Mitarbeiter ist in den letzten Jahren kontinuierlich gestiegen. Umsatz Die Sicherheitsbranche verzeichnet ebenfalls einen hohen Umsatz. Im Jahr 2020\u2026","rel":"","context":"\u00c4hnlicher Beitrag","block_context":{"text":"\u00c4hnlicher Beitrag","link":""},"img":{"alt_text":"","src":"","width":0,"height":0},"classes":[]}],"_links":{"self":[{"href":"https:\/\/saw-biz.net\/home\/wp-json\/wp\/v2\/pages\/1227","targetHints":{"allow":["GET"]}}],"collection":[{"href":"https:\/\/saw-biz.net\/home\/wp-json\/wp\/v2\/pages"}],"about":[{"href":"https:\/\/saw-biz.net\/home\/wp-json\/wp\/v2\/types\/page"}],"author":[{"embeddable":true,"href":"https:\/\/saw-biz.net\/home\/wp-json\/wp\/v2\/users\/1"}],"replies":[{"embeddable":true,"href":"https:\/\/saw-biz.net\/home\/wp-json\/wp\/v2\/comments?post=1227"}],"version-history":[{"count":70,"href":"https:\/\/saw-biz.net\/home\/wp-json\/wp\/v2\/pages\/1227\/revisions"}],"predecessor-version":[{"id":12643,"href":"https:\/\/saw-biz.net\/home\/wp-json\/wp\/v2\/pages\/1227\/revisions\/12643"}],"up":[{"embeddable":true,"href":"https:\/\/saw-biz.net\/home\/wp-json\/wp\/v2\/pages\/1229"}],"wp:attachment":[{"href":"https:\/\/saw-biz.net\/home\/wp-json\/wp\/v2\/media?parent=1227"}],"curies":[{"name":"wp","href":"https:\/\/api.w.org\/{rel}","templated":true}]}}