{"id":1184,"date":"2014-12-19T05:09:07","date_gmt":"2014-12-19T03:09:07","guid":{"rendered":"http:\/\/www.saw-biz.net\/?page_id=1184"},"modified":"2017-08-08T14:05:52","modified_gmt":"2017-08-08T12:05:52","slug":"berufsfoerderungsdienst-der-bundeswehr","status":"publish","type":"page","link":"https:\/\/saw-biz.net\/home\/foerdermoeglichkeiten\/berufsfoerderungsdienst-der-bundeswehr\/","title":{"rendered":"Berufsf\u00f6rderungsdienst der Bundeswehr"},"content":{"rendered":"<h4><strong>Berufsf\u00f6rderungsdienst der Bundeswehr<\/strong><img loading=\"lazy\" decoding=\"async\" class=\"alignright wp-image-1593\" src=\"https:\/\/i0.wp.com\/www.saw-biz.net\/wp-content\/uploads\/2014\/12\/Comic_Soldier.jpg?resize=102%2C134\" alt=\"Comic_Soldier\" width=\"102\" height=\"134\" data-recalc-dims=\"1\" \/><\/h4>\n<p>Gef\u00f6rdert werden neben Erst- und Zweitausbildungen und den vorberufsspezifischen Weiterbildungen auch Schulabschl\u00fcsse,<br \/>\n das Erlernen einer Fremdsprache, Wirtschafts- und Technik-Lehrg\u00e4nge, aber auch Kurse zur Verbesserung der Allgemeinbildung.<\/p>\n<p>Bedingung f\u00fcr die Gew\u00e4hrung eines Zuschusses ist eine vorhergehende<b> Beratung durch den Berufsf\u00f6rderungsdienst der Bundeswehr<\/b>.<br \/>\n Der BFD pr\u00fcft Ihren Antrag und erstellt einen F\u00f6rderungsplan, der ganz auf Deine pers\u00f6nliche Situation zugeschnitten ist.<\/p>\n<p>Sinnvoll ist es, diese Beratung vor<b> Beginn Deiner Weiterbildungsma\u00dfnahme<\/b> in Anspruch zu nehmen. Nur in Ausnahmef\u00e4llen kann eine r\u00fcckwirkende F\u00f6rderung genehmigt werden. Nach Vorlage der Originalrechnung und einer Bescheinigung \u00fcber die erfolgreiche Teilnahme werden Dir die Studiengeb\u00fchren vom Berufsf\u00f6rderungsdienst erstattet.<\/p>\n<p>Weitere Informationen:<\/p>\n<p><a title=\"BfD\" href=\"http:\/\/www.bfd.bundeswehr.de\" target=\"_blank\" rel=\"noopener\">www.bfd.bundeswehr.de<\/a><\/p>\n<p><a href=\"http:\/\/www.berufsfoerderungsdienst.org\/\">www.berufsfoerderungsdienst.org<\/a><\/p>\n<p>Sprechen Sie mit uns. <em>Wir sind immer f\u00fcr Sie da!<\/em><\/p>","protected":false},"excerpt":{"rendered":"<p>Berufsf\u00f6rderungsdienst der Bundeswehr Gef\u00f6rdert werden neben Erst- und Zweitausbildungen und den vorberufsspezifischen Weiterbildungen auch Schulabschl\u00fcsse, das Erlernen einer Fremdsprache, Wirtschafts- und Technik-Lehrg\u00e4nge, aber auch Kurse zur Verbesserung der Allgemeinbildung. Bedingung f\u00fcr die Gew\u00e4hrung eines Zuschusses ist eine vorhergehende Beratung durch den Berufsf\u00f6rderungsdienst der Bundeswehr. Der BFD pr\u00fcft Ihren Antrag und erstellt einen F\u00f6rderungsplan, der ganz &#8230;<\/p>","protected":false},"author":1,"featured_media":0,"parent":1522,"menu_order":3000,"comment_status":"closed","ping_status":"closed","template":"","meta":{"_exactmetrics_skip_tracking":false,"_exactmetrics_sitenote_active":false,"_exactmetrics_sitenote_note":"","_exactmetrics_sitenote_category":0,"jetpack_post_was_ever_published":false,"footnotes":"","_links_to":"","_links_to_target":""},"class_list":["post-1184","page","type-page","status-publish","hentry"],"jetpack_sharing_enabled":true,"jetpack_shortlink":"https:\/\/wp.me\/P5coPr-j6","jetpack-related-posts":[{"id":980,"url":"https:\/\/saw-biz.net\/home\/information-fuer-soldaten\/","url_meta":{"origin":1184,"position":0},"title":"Information f\u00fcr Soldaten","author":"admin","date":"12. Dezember 2014","format":false,"excerpt":"Wie sich in vielerlei Hinsicht ersehen l\u00e4sst, ist der Zulauf der Sicherheitsbranche an Auftr\u00e4gen und der damit verbundene Bedarf an Mitarbeitern enorm gestiegen. Was der Sicherheitswirtschaft dennoch fehlt, sind gut ausgebildete Fachkr\u00e4fte. Diese Ausbildungen richten sich an Soldatinnen und Soldaten der Bundeswehr. Der starke Zuwachs in der privaten Sicherheit bzw.\u2026","rel":"","context":"\u00c4hnlicher Beitrag","block_context":{"text":"\u00c4hnlicher Beitrag","link":""},"img":{"alt_text":"","src":"","width":0,"height":0},"classes":[]},{"id":1107,"url":"https:\/\/saw-biz.net\/home\/information-fuer-soldaten-2\/","url_meta":{"origin":1184,"position":1},"title":"Information f\u00fcr Soldaten","author":"admin","date":"19. Dezember 2014","format":false,"excerpt":"Wie sich in vielerlei Hinsicht ersehen l\u00e4sst, ist der Zulauf der Sicherheitsbranche an Auftr\u00e4gen und der damit verbundene Bedarf an Mitarbeitern enorm gestiegen. Was der Sicherheitswirtschaft dennoch fehlt, sind gut ausgebildete Fachkr\u00e4fte. Diese Ausbildungen richten sich an Soldatinnen und Soldaten der Bundeswehr. Der starke Zuwachs in der privaten Sicherheit bzw.\u2026","rel":"","context":"\u00c4hnlicher Beitrag","block_context":{"text":"\u00c4hnlicher Beitrag","link":""},"img":{"alt_text":"","src":"https:\/\/i0.wp.com\/www.saw-biz.net\/wp-content\/uploads\/2014\/11\/Informationen-f\u00c3\u00bcr-Soldaten.jpg?resize=350%2C200","width":350,"height":200},"classes":[]},{"id":1109,"url":"https:\/\/saw-biz.net\/home\/bildung\/sicherheit\/meister-fuer-schutz-und-sicherheit\/","url_meta":{"origin":1184,"position":2},"title":"Meister f\u00fcr Schutz und Sicherheit","author":"admin","date":"19. Dezember 2014","format":false,"excerpt":"[pdf_button]\/wp-content\/uploads\/2015\/09\/Sicherheit-Meister-Schutz-und-Sicherheit.pdf[\/pdf_button] Vorwort Als Meister\/in f\u00fcr Schutz und Sicherheit habst Du einen au\u00dferordentlichen vielf\u00e4ltigen und interessanten Beruf. Du nimmst in Firmen und Betrieben F\u00fchrungsaufgaben war. Als Gepr\u00fcfter Meister\/in f\u00fcr Schutz und Sicherheit bist Du in privaten und \u00f6ffentlichen Unternehmen unterschiedlicher Gr\u00f6\u00dfe und Branchenzugeh\u00f6rigkeit t\u00e4tig. In verschiedenen Bereichen und T\u00e4tigkeitsfeldern eines Unternehmens\u2026","rel":"","context":"\u00c4hnlicher Beitrag","block_context":{"text":"\u00c4hnlicher Beitrag","link":""},"img":{"alt_text":"","src":"","width":0,"height":0},"classes":[]},{"id":1065,"url":"https:\/\/saw-biz.net\/home\/bildung\/meister-fuer-schutz-und-sicherheit\/","url_meta":{"origin":1184,"position":3},"title":"Meister f\u00fcr Schutz und Sicherheit","author":"admin","date":"18. Dezember 2014","format":false,"excerpt":"15 Monate - SaZ 8: [pdf_button]\/wp-content\/uploads\/2015\/08\/Soldaten-Meister-f\u00fcr-Schutz-und-Sicherheit-15-Monate.pdf[\/pdf_button] 24 Monate - SaZ 12: [pdf_button]\/wp-content\/uploads\/2015\/08\/Soldaten-Meister-f\u00fcr-Schutz-und-Sicherheit-24-Monate.pdf[\/pdf_button] Vorwort Als Meister\/in f\u00fcr Schutz und Sicherheit hast Du einen au\u00dferordentlichen vielf\u00e4ltigen und interessanten Beruf. Du nimmst in Firmen und Betrieben F\u00fchrungsaufgaben war. Als Gepr\u00fcfter Meister\/in f\u00fcr Schutz und Sicherheit bist Du in privaten und \u00f6ffentlichen Unternehmen unterschiedlicher\u2026","rel":"","context":"\u00c4hnlicher Beitrag","block_context":{"text":"\u00c4hnlicher Beitrag","link":""},"img":{"alt_text":"","src":"","width":0,"height":0},"classes":[]},{"id":2493,"url":"https:\/\/saw-biz.net\/home\/ueber-uns\/leitbild\/","url_meta":{"origin":1184,"position":4},"title":"Zahlen und Fakten","author":"admin","date":"15. September 2015","format":false,"excerpt":"Die Sicherheitswirtschaft ist ein bedeutender Arbeitgeber in Deutschland. Laut Angaben des Bundesverbandes der Sicherheitswirtschaft (BDSW) gibt es mehr als 250.000 Besch\u00e4ftigte in der Branche (Stand 2021). Die Zahl der Mitarbeiterinnen und Mitarbeiter ist in den letzten Jahren kontinuierlich gestiegen. Umsatz Die Sicherheitsbranche verzeichnet ebenfalls einen hohen Umsatz. Im Jahr 2020\u2026","rel":"","context":"\u00c4hnlicher Beitrag","block_context":{"text":"\u00c4hnlicher Beitrag","link":""},"img":{"alt_text":"","src":"","width":0,"height":0},"classes":[]},{"id":1581,"url":"https:\/\/saw-biz.net\/home\/foerdermoeglichkeiten\/programme-der-bundeslaender\/sachsen\/","url_meta":{"origin":1184,"position":5},"title":"Sachsen","author":"admin","date":"25. Dezember 2014","format":false,"excerpt":"Sachsen: Weiterbildungs\u00adscheck F\u00fcr das berufliche Vorankommen sind neben einer guten Ausbildung auch st\u00e4ndige Weiterbildung und die Bereitschaft zum lebenslangen Lernen wichtig. Mit einer individuellen Fortbildung k\u00f6nnen sich Fachkr\u00e4fte weiterentwickeln und sich neue Ziele setzen. Unser \u201eWeiterbildungsscheck \u2013 individuell\u201c richtet sich an Besch\u00e4ftigte, Auszubildende und Berufsfachsch\u00fcler (ab dem vollendeten 18. Lebensjahr),\u2026","rel":"","context":"\u00c4hnlicher Beitrag","block_context":{"text":"\u00c4hnlicher Beitrag","link":""},"img":{"alt_text":"","src":"","width":0,"height":0},"classes":[]}],"_links":{"self":[{"href":"https:\/\/saw-biz.net\/home\/wp-json\/wp\/v2\/pages\/1184","targetHints":{"allow":["GET"]}}],"collection":[{"href":"https:\/\/saw-biz.net\/home\/wp-json\/wp\/v2\/pages"}],"about":[{"href":"https:\/\/saw-biz.net\/home\/wp-json\/wp\/v2\/types\/page"}],"author":[{"embeddable":true,"href":"https:\/\/saw-biz.net\/home\/wp-json\/wp\/v2\/users\/1"}],"replies":[{"embeddable":true,"href":"https:\/\/saw-biz.net\/home\/wp-json\/wp\/v2\/comments?post=1184"}],"version-history":[{"count":6,"href":"https:\/\/saw-biz.net\/home\/wp-json\/wp\/v2\/pages\/1184\/revisions"}],"predecessor-version":[{"id":4463,"href":"https:\/\/saw-biz.net\/home\/wp-json\/wp\/v2\/pages\/1184\/revisions\/4463"}],"up":[{"embeddable":true,"href":"https:\/\/saw-biz.net\/home\/wp-json\/wp\/v2\/pages\/1522"}],"wp:attachment":[{"href":"https:\/\/saw-biz.net\/home\/wp-json\/wp\/v2\/media?parent=1184"}],"curies":[{"name":"wp","href":"https:\/\/api.w.org\/{rel}","templated":true}]}}