{"id":1177,"date":"2014-12-19T05:00:34","date_gmt":"2014-12-19T03:00:34","guid":{"rendered":"http:\/\/www.saw-biz.net\/?page_id=1177"},"modified":"2017-08-08T13:58:04","modified_gmt":"2017-08-08T11:58:04","slug":"wegebau","status":"publish","type":"page","link":"https:\/\/saw-biz.net\/home\/foerdermoeglichkeiten\/wegebau\/","title":{"rendered":"WeGebAU"},"content":{"rendered":"<h5><strong>Chancen f\u00fcr \u00c4ltere und Geringqualifizierte<\/strong><\/h5>\n<p>Mit dem Sonderprogramm WeGebAU der <b>Agentur f\u00fcr Arbeit<\/b> wird Weiterbildung gering qualifizierter und \u00e4lterer Arbeitnehmer in Unternehmen gef\u00f6rdert.<br \/>\n Das Programm soll das Interesse und die Bereitschaft von Betrieben und Besch\u00e4ftigten wecken und ist als Impulsgeber gedacht. Damit soll die Entstehung von Arbeitslosigkeit durch Weiterbildung vermieden und die Besch\u00e4ftigungschance der Arbeitnehmer verbessert werden.<\/p>\n<h5><strong>F\u00f6rderung f\u00fcr Arbeitnehmer ab 45 Jahren<\/strong><\/h5>\n<p>Mit diesem Zuschuss soll Betrieben mit bis zu 250 Besch\u00e4ftigten die berufliche Weiterbildung ihrer \u00e4lteren Arbeitnehmer erleichtert werden.<\/p>\n<p><b>Wer wird gef\u00f6rdert?<br \/>\n <\/b>\u00c4ltere Arbeitnehmer k\u00f6nnen bei Teilnahme an einer von der Agentur f\u00fcr Arbeit als f\u00f6rderungsf\u00e4hig anerkannten Bildungsma\u00dfnahme Zusch\u00fcsse erhalten.<\/p>\n<p><b>Wie hoch ist der Zuschuss?<\/b><br \/>\n Die Agentur f\u00fcr Arbeit erstattet dem Arbeitgeber die Weiterbildungskosten und zahlt im Einzelfall einen Zuschuss zur notwendigen ausw\u00e4rtigen Unterbringung.<\/p>\n<h5><strong>F\u00f6rderung f\u00fcr Ungelernte und Geringqualifizierte<\/strong><\/h5>\n<p>Mithilfe dieses Zuschusses k\u00f6nnen sich ungelernte Mitarbeiter und Arbeitnehmer, die nicht in ihrem erlernten Beruf t\u00e4tig sind, weiterqualifizieren,<br \/>\n ohne dass das Besch\u00e4ftigungsverh\u00e4ltnis gek\u00fcndigt werden muss.<\/p>\n<p><b>Wer wird gef\u00f6rdert?<\/b><br \/>\n Arbeitnehmer,<\/p>\n<p>&#8211; die bisher keinen Berufsabschluss erworben haben bzw. Geringqualifizierte, die nicht in einem Beruf t\u00e4tig sind.<br \/>\n &#8211; die sich im Rahmen des bestehenden Arbeitsverh\u00e4ltnisses und unter Fortzahlung des Arbeitsentgelts weiterbilden.<br \/>\n &#8211; die wegen der Teilnahme an einer Weiterbildung die Arbeitsleistung ganz oder teilweise nicht erbringen k\u00f6nnen.<\/p>\n<p><b>Wie hoch ist der Zuschuss?<\/b><br \/>\n F\u00fcr den Zeitraum, in dem der Arbeitnehmer wegen der Weiterbildung keine Arbeitsleistung erbringt, erh\u00e4lt der Arbeitgeber einen Zuschuss zum Arbeitsentgelt<br \/>\n einschlie\u00dflich der darauf entfallenden Sozialversicherungsbeitr\u00e4ge.<\/p>","protected":false},"excerpt":{"rendered":"<p>Chancen f\u00fcr \u00c4ltere und Geringqualifizierte Mit dem Sonderprogramm WeGebAU der Agentur f\u00fcr Arbeit wird Weiterbildung gering qualifizierter und \u00e4lterer Arbeitnehmer in Unternehmen gef\u00f6rdert. Das Programm soll das Interesse und die Bereitschaft von Betrieben und Besch\u00e4ftigten wecken und ist als Impulsgeber gedacht. Damit soll die Entstehung von Arbeitslosigkeit durch Weiterbildung vermieden und die Besch\u00e4ftigungschance der Arbeitnehmer &#8230;<\/p>","protected":false},"author":1,"featured_media":0,"parent":1522,"menu_order":2000,"comment_status":"closed","ping_status":"closed","template":"","meta":{"_exactmetrics_skip_tracking":false,"_exactmetrics_sitenote_active":false,"_exactmetrics_sitenote_note":"","_exactmetrics_sitenote_category":0,"jetpack_post_was_ever_published":false,"footnotes":"","_links_to":"","_links_to_target":""},"class_list":["post-1177","page","type-page","status-publish","hentry"],"jetpack_sharing_enabled":true,"jetpack_shortlink":"https:\/\/wp.me\/P5coPr-iZ","jetpack-related-posts":[{"id":1577,"url":"https:\/\/saw-biz.net\/home\/foerdermoeglichkeiten\/programme-der-bundeslaender\/nordrhein-westfalen\/","url_meta":{"origin":1177,"position":0},"title":"Nordrhein-Westfalen","author":"admin","date":"25. Dezember 2014","format":false,"excerpt":"Nord\u00adrhein-West\u00adfalen: Bildungs\u00adscheck bis 2\u00a0000 Euro Wer wird gef\u00f6rdert? Arbeitnehmer in Betrieben in Nord\u00adrhein-West\u00adfalen k\u00f6nnen pro Jahr einen Bildungs\u00adscheck beantragen. Auch Berufs\u00adr\u00fcck\u00adkehrer wie Frauen nach der Familien\u00adphase k\u00f6nnen gef\u00f6rdert werden. Das gilt auch f\u00fcr Existenz\u00adgr\u00fcnder inner\u00adhalb der ersten f\u00fcnf Jahre ihrer Selbst\u00adst\u00e4ndig\u00adkeit. Un- und Angelernten soll erm\u00f6glicht werden, einen Berufs\u00adabschluss nach\u00adzuholen.\u2026","rel":"","context":"\u00c4hnlicher Beitrag","block_context":{"text":"\u00c4hnlicher Beitrag","link":""},"img":{"alt_text":"","src":"","width":0,"height":0},"classes":[]},{"id":1174,"url":"https:\/\/saw-biz.net\/home\/foerdermoeglichkeiten\/bildungsgutschein\/","url_meta":{"origin":1177,"position":1},"title":"Bildungsgutschein","author":"admin","date":"19. Dezember 2014","format":false,"excerpt":"Was ist ein Bildungsgutschein? Arbeitssuchende, aber auch Arbeitnehmer\/innen, die von Arbeitslosigkeit betroffen sind, k\u00f6nnen Anspruch auf F\u00f6rderung f\u00fcr ihre berufliche Weiterbildung haben, wenn der Vermittler die Notwendigkeit der Integration in das Berufsleben sieht. Deine \u00f6rtliche Agentur f\u00fcr Arbeit oder das\u00a0 Jobcenter stellt Dir daf\u00fcr einen Bildungsgutschein aus. Wie bekomme ich\u2026","rel":"","context":"\u00c4hnlicher Beitrag","block_context":{"text":"\u00c4hnlicher Beitrag","link":""},"img":{"alt_text":"","src":"","width":0,"height":0},"classes":[]},{"id":1581,"url":"https:\/\/saw-biz.net\/home\/foerdermoeglichkeiten\/programme-der-bundeslaender\/sachsen\/","url_meta":{"origin":1177,"position":2},"title":"Sachsen","author":"admin","date":"25. Dezember 2014","format":false,"excerpt":"Sachsen: Weiterbildungs\u00adscheck F\u00fcr das berufliche Vorankommen sind neben einer guten Ausbildung auch st\u00e4ndige Weiterbildung und die Bereitschaft zum lebenslangen Lernen wichtig. Mit einer individuellen Fortbildung k\u00f6nnen sich Fachkr\u00e4fte weiterentwickeln und sich neue Ziele setzen. Unser \u201eWeiterbildungsscheck \u2013 individuell\u201c richtet sich an Besch\u00e4ftigte, Auszubildende und Berufsfachsch\u00fcler (ab dem vollendeten 18. Lebensjahr),\u2026","rel":"","context":"\u00c4hnlicher Beitrag","block_context":{"text":"\u00c4hnlicher Beitrag","link":""},"img":{"alt_text":"","src":"","width":0,"height":0},"classes":[]},{"id":1173,"url":"https:\/\/saw-biz.net\/home\/foerdermoeglichkeiten\/programme-der-bundeslaender\/","url_meta":{"origin":1177,"position":3},"title":"Programme der Bundesl\u00e4nder","author":"admin","date":"19. Dezember 2014","format":false,"excerpt":"Attraktive Co-Finanzierungen aus den Bundesl\u00e4ndern Viele Bundesl\u00e4nder vergeben Bildungs- bzw. Qualifizierungsschecks, mit denen anteilig die Kosten f\u00fcr Deine Weiterbildung \u00fcbernommen werden. Diese Checks werden h\u00e4ufig an Arbeitnehmerinnen und Arbeitnehmer vergeben, die in dem jeweiligen Bundesland leben und\/oder arbeiten. H\u00e4ufig ist f\u00fcr die Bewilligung der F\u00f6rderung die Anzahl der Besch\u00e4ftigten, die\u2026","rel":"","context":"\u00c4hnlicher Beitrag","block_context":{"text":"\u00c4hnlicher Beitrag","link":""},"img":{"alt_text":"","src":"","width":0,"height":0},"classes":[]},{"id":1172,"url":"https:\/\/saw-biz.net\/home\/foerdermoeglichkeiten\/begabtenfoerderung\/","url_meta":{"origin":1177,"position":4},"title":"Begabtenf\u00f6rderung","author":"admin","date":"19. Dezember 2014","format":false,"excerpt":"Flei\u00df wird jetzt mit bis zu 5.100,\u2013 Euro bezuschusst Begabte junge Leute mit abgeschlossener Berufsausbildung k\u00f6nnen \u00fcber das Stipendium des Bundesministeriums f\u00fcr Bildung und Forschung eine F\u00f6rderung als Zuschuss erhalten. Dies gilt f\u00fcr alle, die j\u00fcnger als 25 Jahre, begabt und motiviert sind und mehr aus sich und ihrem Beruf\u2026","rel":"","context":"\u00c4hnlicher Beitrag","block_context":{"text":"\u00c4hnlicher Beitrag","link":""},"img":{"alt_text":"","src":"","width":0,"height":0},"classes":[]},{"id":1109,"url":"https:\/\/saw-biz.net\/home\/bildung\/sicherheit\/meister-fuer-schutz-und-sicherheit\/","url_meta":{"origin":1177,"position":5},"title":"Meister f\u00fcr Schutz und Sicherheit","author":"admin","date":"19. Dezember 2014","format":false,"excerpt":"[pdf_button]\/wp-content\/uploads\/2015\/09\/Sicherheit-Meister-Schutz-und-Sicherheit.pdf[\/pdf_button] Vorwort Als Meister\/in f\u00fcr Schutz und Sicherheit habst Du einen au\u00dferordentlichen vielf\u00e4ltigen und interessanten Beruf. Du nimmst in Firmen und Betrieben F\u00fchrungsaufgaben war. Als Gepr\u00fcfter Meister\/in f\u00fcr Schutz und Sicherheit bist Du in privaten und \u00f6ffentlichen Unternehmen unterschiedlicher Gr\u00f6\u00dfe und Branchenzugeh\u00f6rigkeit t\u00e4tig. In verschiedenen Bereichen und T\u00e4tigkeitsfeldern eines Unternehmens\u2026","rel":"","context":"\u00c4hnlicher Beitrag","block_context":{"text":"\u00c4hnlicher Beitrag","link":""},"img":{"alt_text":"","src":"","width":0,"height":0},"classes":[]}],"_links":{"self":[{"href":"https:\/\/saw-biz.net\/home\/wp-json\/wp\/v2\/pages\/1177","targetHints":{"allow":["GET"]}}],"collection":[{"href":"https:\/\/saw-biz.net\/home\/wp-json\/wp\/v2\/pages"}],"about":[{"href":"https:\/\/saw-biz.net\/home\/wp-json\/wp\/v2\/types\/page"}],"author":[{"embeddable":true,"href":"https:\/\/saw-biz.net\/home\/wp-json\/wp\/v2\/users\/1"}],"replies":[{"embeddable":true,"href":"https:\/\/saw-biz.net\/home\/wp-json\/wp\/v2\/comments?post=1177"}],"version-history":[{"count":4,"href":"https:\/\/saw-biz.net\/home\/wp-json\/wp\/v2\/pages\/1177\/revisions"}],"predecessor-version":[{"id":4462,"href":"https:\/\/saw-biz.net\/home\/wp-json\/wp\/v2\/pages\/1177\/revisions\/4462"}],"up":[{"embeddable":true,"href":"https:\/\/saw-biz.net\/home\/wp-json\/wp\/v2\/pages\/1522"}],"wp:attachment":[{"href":"https:\/\/saw-biz.net\/home\/wp-json\/wp\/v2\/media?parent=1177"}],"curies":[{"name":"wp","href":"https:\/\/api.w.org\/{rel}","templated":true}]}}