{"id":1119,"date":"2014-12-19T04:34:24","date_gmt":"2014-12-19T02:34:24","guid":{"rendered":"http:\/\/www.saw-biz.net\/?page_id=1119"},"modified":"2018-03-05T10:26:55","modified_gmt":"2018-03-05T09:26:55","slug":"waffensachkunde-%c2%a77-waffg","status":"publish","type":"page","link":"https:\/\/saw-biz.net\/home\/bildung\/sicherheit\/waffensachkunde-%c2%a77-waffg\/","title":{"rendered":"Waffensachkunde \u00a77 WaffG"},"content":{"rendered":"<p style=\"text-align: center;\"><strong>F\u00fcr Unternehmer und Selbstzahler:<\/strong><\/p>\n[pdf_button]\/wp-content\/uploads\/2015\/09\/Sicherheit-Waffenkunde-Unternehmen-Selbstzahler.pdf[\/pdf_button]\n<p style=\"text-align: center;\"><strong>F\u00f6rderung durch die Agentur f\u00fcr Arbeit oder Jobcenter:<\/strong><\/p>\n[pdf_button]\/wp-content\/uploads\/2015\/09\/Sicherheit-Waffenkunde-Agentur-fuer-Arbeit.pdf[\/pdf_button]\n<p>F\u00fcr die Besch\u00e4ftigung im Rahmen des Geld-und Werttransports, Kernkraftwerken oder der Bewachung milit\u00e4rischer Liegenschaften ist die erfolgreiche Absolvierung der gewerblichen Waffensachkundepr\u00fcfung zwingend notwendig.<\/p>\n<p>Nach Absolvierung des Lehrgangs gem\u00e4\u00df \u00a7 7 WaffG und bestandener Pr\u00fcfung ist die Bef\u00e4higung zum Tragen von Kurzwaffen im Rahmen der Aus\u00fcbung der Sicherheitsdienstleistung gegeben.<\/p>\n<h3><strong>Teilnehmerkreis<\/strong><\/h3>\n<ul>\n<li>Sicherheitsmitarbeiter f\u00fcr Geld- und Werttransport, Kernkraftanlagen, milit\u00e4rische Objekte<\/li>\n<li>Personensch\u00fctzer<\/li>\n<li>Selbstst\u00e4ndige im Sicherheitsgewerbe<\/li>\n<\/ul>\n<h3><strong>F\u00fcr Unternehmen<\/strong><\/h3>\n<p>Wir bilden die Waffensachkundepr\u00fcfung auch in Deinem Unternehmen \/ Niederlassung aus.<br \/>\n Wir bieten Dir auch das Quartalsschie\u00dfen an<br \/>\n Lehrgangsdauer und Ausbildungszeiten<br \/>\n Dauer: 10 Tage, 80 Unterrichtseinheiten (UE) \/ 5 Tage nach Absprache und entsprechender Teilnehmerzahl (mindestens 10) m\u00f6glich.<br \/>\n Vollzeit: Mo &#8211; Fr 8:30 &#8211; 16:00 Uhr (8 UE\/Tag)<br \/>\n Teilzeit: nach Absprache mit den Teilnehmern<\/p>\n<h3><strong>Ausbildungsinhalte<\/strong><\/h3>\n<ul>\n<li>Waffenrecht<\/li>\n<li>Waffentechnik<\/li>\n<li>Ballistik<\/li>\n<li>rechtliche Grundlagen und Grenzen<\/li>\n<li>Notwehr \/ Nothilfe<\/li>\n<li>praktische Schie\u00df\u00fcbungen<\/li>\n<\/ul>\n<h3><strong>Voraussetzung<\/strong><\/h3>\n<ul>\n<li>F\u00fchrungszeugnis ohne Eintragung<\/li>\n<li>mind. 18 Jahre alt<\/li>\n<\/ul>\n<h3><strong>Kosten<\/strong><\/h3>\n<p>Der Lehrgang kann aus Kostengr\u00fcnden erst ab 10 Personen starten.<\/p>\n<p>Preis auf Anfrage<br \/>\n Preis f\u00fcr Firmen &#8211;&gt; gern unterbreiten wir Dir ein Angebot<\/p>\n<ul>\n<li>Kurs inkl. Lernmaterialien<\/li>\n<li>Pr\u00fcfungsgeb\u00fchr<\/li>\n<\/ul>\n<h3><strong>Abschluss<\/strong><\/h3>\n<p>gewerbliche Waffensachkundepr\u00fcfung gem\u00e4\u00df \u00a7 7 WaffG f\u00fcr Kurzwaffen<\/p>\n<p style=\"text-align: center;\"><strong>F\u00fcr Unternehmer und Selbstzahler:<\/strong><\/p>\n[pdf_button]\/wp-content\/uploads\/2015\/09\/Sicherheit-Waffenkunde-Unternehmen-Selbstzahler.pdf[\/pdf_button]\n<p style=\"text-align: center;\"><strong>F\u00f6rderung durch die Agentur f\u00fcr Arbeit oder Jobcenter:<\/strong><\/p>\n[pdf_button]\/wp-content\/uploads\/2015\/09\/Sicherheit-Waffenkunde-Agentur-fuer-Arbeit.pdf[\/pdf_button]\n<p class=\"wpcf7-contact-form-not-found\"><strong>Fehler:<\/strong> Kontaktformular wurde nicht gefunden.<\/p>","protected":false},"excerpt":{"rendered":"<p>F\u00fcr Unternehmer und Selbstzahler: [pdf_button]\/wp-content\/uploads\/2015\/09\/Sicherheit-Waffenkunde-Unternehmen-Selbstzahler.pdf[\/pdf_button] F\u00f6rderung durch die Agentur f\u00fcr Arbeit oder Jobcenter: [pdf_button]\/wp-content\/uploads\/2015\/09\/Sicherheit-Waffenkunde-Agentur-fuer-Arbeit.pdf[\/pdf_button] F\u00fcr die Besch\u00e4ftigung im Rahmen des Geld-und Werttransports, Kernkraftwerken oder der Bewachung milit\u00e4rischer Liegenschaften ist die erfolgreiche Absolvierung der gewerblichen Waffensachkundepr\u00fcfung zwingend notwendig. Nach Absolvierung des Lehrgangs gem\u00e4\u00df \u00a7 7 WaffG und bestandener Pr\u00fcfung ist die Bef\u00e4higung zum Tragen von Kurzwaffen &#8230;<\/p>","protected":false},"author":1,"featured_media":0,"parent":1227,"menu_order":100000,"comment_status":"closed","ping_status":"closed","template":"","meta":{"_exactmetrics_skip_tracking":false,"_exactmetrics_sitenote_active":false,"_exactmetrics_sitenote_note":"","_exactmetrics_sitenote_category":0,"jetpack_post_was_ever_published":false,"footnotes":"","_links_to":"","_links_to_target":""},"class_list":["post-1119","page","type-page","status-publish","hentry"],"jetpack_sharing_enabled":true,"jetpack_shortlink":"https:\/\/wp.me\/P5coPr-i3","jetpack-related-posts":[{"id":1067,"url":"https:\/\/saw-biz.net\/home\/bildung\/sicherheit\/fachkraft-fuer-schutz-und-sicherheit\/","url_meta":{"origin":1119,"position":0},"title":"Fachkraft f\u00fcr Schutz und Sicherheit","author":"admin","date":"18. Dezember 2014","format":false,"excerpt":"[pdf_button]\/wp-content\/uploads\/2015\/09\/Sicherheit-Fachkraft-Schutz-und-Sicherheit.pdf[\/pdf_button] Vorwort Fachkr\u00e4fte f\u00fcr Schutz und Sicherheit sch\u00fctzen Personen, Objekte, Anlagen und Werte. Sie planen vorbeugende Ma\u00dfnahmen f\u00fcr deren Sicherheit bzw. zur Abwehr von Gefahren und f\u00fchren sie durch. In erster Linie arbeiten sie in Betrieben des Objekt-, Werte- und Personenschutzes bzw. in der Sicherheitsberatung und -schulung. Auch in Flughafenbetrieben\u2026","rel":"","context":"\u00c4hnlicher Beitrag","block_context":{"text":"\u00c4hnlicher Beitrag","link":""},"img":{"alt_text":"","src":"","width":0,"height":0},"classes":[]},{"id":2913,"url":"https:\/\/saw-biz.net\/home\/bildung\/sicherheit\/mobile-sicherheitskraft\/","url_meta":{"origin":1119,"position":1},"title":"Mobile Sicherheitskraft","author":"Changes SAW-Bildungszentrum","date":"2. Oktober 2015","format":false,"excerpt":"[pdf_button]\/wp-content\/uploads\/2015\/10\/Sicherheit-Mobile-Sicherheitskraft.pdf[\/pdf_button] Zielgruppe Personen (m \/ w) mit Interesse f\u00fcr eine berufliche Neuorientierung bzw. Qualifizierung im Sicherheitsgewerbe. Dauer der Ausbildung 880 Stunden Theorie Inhalte der Ausbildung Sachkunde nach \u00a734a GewO (IHK) Dienstkunde F\u00fchrerschein Klasse B (PKW) Waffensachkunde \u00a77 WaffG Brandschutz- und Evakuierungshelfer \u00a710 ArbSchG Ersthelfer (16 Stunden) Unterrichtszeiten Die Ausbildung findet\u2026","rel":"","context":"\u00c4hnlicher Beitrag","block_context":{"text":"\u00c4hnlicher Beitrag","link":""},"img":{"alt_text":"","src":"","width":0,"height":0},"classes":[]},{"id":1113,"url":"https:\/\/saw-biz.net\/home\/bildung\/sicherheit\/grundausbildung-sicherheitskraft\/","url_meta":{"origin":1119,"position":2},"title":"Grundausbildung Sicherheitskraft","author":"admin","date":"19. Dezember 2014","format":false,"excerpt":"[pdf_button]\/wp-content\/uploads\/2015\/09\/Sicherheit-Grundausbildung-Sicherheitskraft.pdf[\/pdf_button] Zielgruppe Wir suchen weibliche \/ m\u00e4nnliche Personen mit Interesse f\u00fcr eine berufliche Neuorientierung bzw. Qualifizierung im Sicherheitsgewerbe. Dauer der Ausbildung 7600 Stunden Theorie 120 Stunden Praxis Mindestalter von 18 Jahren Inhalte der Ausbildung Sachkunde nach \u00a734a GewO Dienstkunde Betriebssanit\u00e4ter (BG) Waffensachkunde \u00a77 WaffG Brandschutz- und Evakuierungshelfer \u00a710 ArbSchG Eingriffsbefugnisse\u2026","rel":"","context":"\u00c4hnlicher Beitrag","block_context":{"text":"\u00c4hnlicher Beitrag","link":""},"img":{"alt_text":"","src":"","width":0,"height":0},"classes":[]},{"id":1065,"url":"https:\/\/saw-biz.net\/home\/bildung\/meister-fuer-schutz-und-sicherheit\/","url_meta":{"origin":1119,"position":3},"title":"Meister f\u00fcr Schutz und Sicherheit","author":"admin","date":"18. Dezember 2014","format":false,"excerpt":"15 Monate - SaZ 8: [pdf_button]\/wp-content\/uploads\/2015\/08\/Soldaten-Meister-f\u00fcr-Schutz-und-Sicherheit-15-Monate.pdf[\/pdf_button] 24 Monate - SaZ 12: [pdf_button]\/wp-content\/uploads\/2015\/08\/Soldaten-Meister-f\u00fcr-Schutz-und-Sicherheit-24-Monate.pdf[\/pdf_button] Vorwort Als Meister\/in f\u00fcr Schutz und Sicherheit hast Du einen au\u00dferordentlichen vielf\u00e4ltigen und interessanten Beruf. Du nimmst in Firmen und Betrieben F\u00fchrungsaufgaben war. Als Gepr\u00fcfter Meister\/in f\u00fcr Schutz und Sicherheit bist Du in privaten und \u00f6ffentlichen Unternehmen unterschiedlicher\u2026","rel":"","context":"\u00c4hnlicher Beitrag","block_context":{"text":"\u00c4hnlicher Beitrag","link":""},"img":{"alt_text":"","src":"","width":0,"height":0},"classes":[]},{"id":1110,"url":"https:\/\/saw-biz.net\/home\/bildung\/fachkraft-fuer-schutz-und-sicherheit\/","url_meta":{"origin":1119,"position":4},"title":"Fachkraft f\u00fcr Schutz und Sicherheit","author":"admin","date":"19. Dezember 2014","format":false,"excerpt":"[pdf_button]http:\/\/saw-biz.net\/wp-content\/uploads\/2017\/02\/5.-Fachkraft-Schutz-und-Sicherheit-Soldaten-ohne-Anschnitt.pdf[\/pdf_button] Vorwort Fachkr\u00e4fte f\u00fcr Schutz und Sicherheit sch\u00fctzen Personen, Objekte, Anlagen und Werte. Sie planen vorbeugende Ma\u00dfnahmen f\u00fcr deren Sicherheit bzw. zur Abwehr von Gefahren und f\u00fchren sie durch. In erster Linie arbeiten sie in Betrieben des Objekt-, Werte- und Personenschutzes bzw. in der Sicherheitsberatung und -schulung. Auch in Flughafenbetrieben\u2026","rel":"","context":"\u00c4hnlicher Beitrag","block_context":{"text":"\u00c4hnlicher Beitrag","link":""},"img":{"alt_text":"","src":"","width":0,"height":0},"classes":[]},{"id":1109,"url":"https:\/\/saw-biz.net\/home\/bildung\/sicherheit\/meister-fuer-schutz-und-sicherheit\/","url_meta":{"origin":1119,"position":5},"title":"Meister f\u00fcr Schutz und Sicherheit","author":"admin","date":"19. Dezember 2014","format":false,"excerpt":"[pdf_button]\/wp-content\/uploads\/2015\/09\/Sicherheit-Meister-Schutz-und-Sicherheit.pdf[\/pdf_button] Vorwort Als Meister\/in f\u00fcr Schutz und Sicherheit habst Du einen au\u00dferordentlichen vielf\u00e4ltigen und interessanten Beruf. Du nimmst in Firmen und Betrieben F\u00fchrungsaufgaben war. Als Gepr\u00fcfter Meister\/in f\u00fcr Schutz und Sicherheit bist Du in privaten und \u00f6ffentlichen Unternehmen unterschiedlicher Gr\u00f6\u00dfe und Branchenzugeh\u00f6rigkeit t\u00e4tig. In verschiedenen Bereichen und T\u00e4tigkeitsfeldern eines Unternehmens\u2026","rel":"","context":"\u00c4hnlicher Beitrag","block_context":{"text":"\u00c4hnlicher Beitrag","link":""},"img":{"alt_text":"","src":"","width":0,"height":0},"classes":[]}],"_links":{"self":[{"href":"https:\/\/saw-biz.net\/home\/wp-json\/wp\/v2\/pages\/1119","targetHints":{"allow":["GET"]}}],"collection":[{"href":"https:\/\/saw-biz.net\/home\/wp-json\/wp\/v2\/pages"}],"about":[{"href":"https:\/\/saw-biz.net\/home\/wp-json\/wp\/v2\/types\/page"}],"author":[{"embeddable":true,"href":"https:\/\/saw-biz.net\/home\/wp-json\/wp\/v2\/users\/1"}],"replies":[{"embeddable":true,"href":"https:\/\/saw-biz.net\/home\/wp-json\/wp\/v2\/comments?post=1119"}],"version-history":[{"count":14,"href":"https:\/\/saw-biz.net\/home\/wp-json\/wp\/v2\/pages\/1119\/revisions"}],"predecessor-version":[{"id":5324,"href":"https:\/\/saw-biz.net\/home\/wp-json\/wp\/v2\/pages\/1119\/revisions\/5324"}],"up":[{"embeddable":true,"href":"https:\/\/saw-biz.net\/home\/wp-json\/wp\/v2\/pages\/1227"}],"wp:attachment":[{"href":"https:\/\/saw-biz.net\/home\/wp-json\/wp\/v2\/media?parent=1119"}],"curies":[{"name":"wp","href":"https:\/\/api.w.org\/{rel}","templated":true}]}}