{"id":1109,"date":"2014-12-19T04:25:50","date_gmt":"2014-12-19T02:25:50","guid":{"rendered":"http:\/\/www.saw-biz.net\/?page_id=1109"},"modified":"2017-08-08T10:08:15","modified_gmt":"2017-08-08T08:08:15","slug":"meister-fuer-schutz-und-sicherheit","status":"publish","type":"page","link":"https:\/\/saw-biz.net\/home\/bildung\/sicherheit\/meister-fuer-schutz-und-sicherheit\/","title":{"rendered":"Meister f\u00fcr Schutz und Sicherheit"},"content":{"rendered":"[pdf_button]\/wp-content\/uploads\/2015\/09\/Sicherheit-Meister-Schutz-und-Sicherheit.pdf[\/pdf_button]\n<h3><strong>Vorwort<\/strong><\/h3>\n<p>Als Meister\/in f\u00fcr Schutz und Sicherheit habst Du einen au\u00dferordentlichen vielf\u00e4ltigen und interessanten Beruf. Du nimmst in Firmen und Betrieben F\u00fchrungsaufgaben war. Als Gepr\u00fcfter Meister\/in f\u00fcr Schutz und Sicherheit bist Du in privaten und \u00f6ffentlichen Unternehmen unterschiedlicher Gr\u00f6\u00dfe und Branchenzugeh\u00f6rigkeit t\u00e4tig. In verschiedenen Bereichen und T\u00e4tigkeitsfeldern eines Unternehmens \u00fcbernimmst Du Sach-, Organisations- und F\u00fchrungsaufgaben. Wenn Du Dich auf ver\u00e4nderte Methoden und Systeme, auf sich ver\u00e4ndernde Strukturen der Arbeitsorganisation und auf neue Methoden der Organisationsentwicklung, der Personalf\u00fchrung und -entwicklung flexibel einstellst, kannst Du den technisch- organisatorischen Wandel im Unternehmen mitgestalten.<\/p>\n<h3><strong>Zielgruppe<\/strong><\/h3>\n<p>Mitarbeiter aus allen sicherheitsrelevanten Berufen, insbesondere Werkschutzfachkr\u00e4fte, Gepr\u00fcfte Schutz und Sicherheitskr\u00e4fte und Fachkr\u00e4fte\/Servicekr\u00e4fte f\u00fcr Schutz und Sicherheit<\/p>\n<h3><strong>Dauer der Ausbildung<\/strong><\/h3>\n<p>Vollzeit \u2013 6 Monate<br \/>\n Berufsbegleitend \u2013 24 Monate<br \/>\n Bei ehemaligen Soldaten (ab SaZ 8) der Bundeswehr variiert die Dauer der Ausbildung. Gern erl\u00e4utern wir Ihnen N\u00e4heres in einem Gespr\u00e4ch.<\/p>\n<h3><strong>Inhalt der Ausbildung<\/strong><\/h3>\n<p><b>1. Grundlegende Qualifikation<\/b><\/p>\n<ul>\n<li>Rechtsbewusstes Handeln<\/li>\n<li>Betriebswirtschaftliches Handeln<\/li>\n<li>Zusammenarbeit im Betrieb<\/li>\n<\/ul>\n<p><b>2. Handlungsspezifische Qualifikationen<br \/>\n 2.1 Handlungsbereich &#8222;Schutz und Sicherheit&#8220;<\/b><\/p>\n<ul>\n<li>bauliche- und mechanische Schutz- und Sicherheitseinrichtungen<\/li>\n<li>elektronische Schutz- und Sicherheitseinrichtungen<\/li>\n<li>spezielle Schutz- und Sicherheitseinrichtungen<\/li>\n<li>Kommunikations- und Informationstechnik<\/li>\n<\/ul>\n<p><b>2.2 Handlungsbereich &#8222;Organisation&#8220;<\/b><\/p>\n<ul>\n<li>Kostenwesen<\/li>\n<li>Anwenden von Methoden der Planung und Kommunikation<\/li>\n<li>Recht<\/li>\n<li>Arbeits-, Umwelt- und Gesundheitsschutz<\/li>\n<\/ul>\n<p><b>2.3 Handlungsbereich &#8222;F\u00fchrung und Personal&#8220;<\/b><\/p>\n<ul>\n<li>Personalf\u00fchrung<\/li>\n<li>Personalentwicklung<\/li>\n<li>Qualit\u00e4tsmanagement<\/li>\n<\/ul>\n<p><b>3. Berufs- und arbeitsp\u00e4dagogische Qualifikationen<\/b><\/p>\n<ul>\n<li>Allgemeine Grundlagen<\/li>\n<li>Ausbildung planen<\/li>\n<li>Auszubildende einstellen<\/li>\n<li>Am Arbeitsplatz ausbilden<\/li>\n<li>Lernen f\u00f6rdern<\/li>\n<li>Gruppen anleiten<\/li>\n<li>Ausbildung beenden<\/li>\n<\/ul>\n<h3><strong>Unterrichtszeiten<\/strong><\/h3>\n<p>960 Stunden Theorie<\/p>\n<h3><strong>Zulassungsvoraussetzung<\/strong><\/h3>\n<p>Zur Pr\u00fcfung im Pr\u00fcfungsteil \u201eGrundlegende Qualifikationen\u201c ist zugelassen, wer Folgendes nachweist:<br \/>\n <strong>a)<\/strong> eine mit Erfolg abgelegte Abschlusspr\u00fcfung in einem dreij\u00e4hrigen anerkannten Ausbildungsberuf, der einem sicherheitsrelevanten Beruf zugeordnet werden kann,<br \/>\n oder<br \/>\n <strong>b)<\/strong> eine mit Erfolg abgelegte Abschlusspr\u00fcfung in einem anderen sicherheitsrelevanten anerkannten Ausbildungsberuf und danach eine mindestens einj\u00e4hrige Berufspraxis<br \/>\n [spoiler]oder<br \/>\n <strong>c)<\/strong> eine mit Erfolg abgelegte Abschlusspr\u00fcfung in einem anderen anerkannten Ausbildungsberuf und danach eine mindestens zweij\u00e4hrige Berufspraxis<br \/>\n oder<br \/>\n <strong>d)<\/strong> eine mindestens vierj\u00e4hrige Berufspraxis<br \/>\n oder<br \/>\n <strong>e)<\/strong> eine mit Erfolg abgelegte Pr\u00fcfung zur \u201eGepr\u00fcften Werkschutzfachkraft\u201c oder \u201eGepr\u00fcften Schutz- und Sicherheitskraft\u201c.<\/p>\n<p>Zur Pr\u00fcfung im Pr\u00fcfungsteil \u201eHandlungsspezifische Qualifikationen\u201c ist zuzulassen, wer Folgendes nachweist:<br \/>\n <strong>1)<\/strong> das Ablegen des Pr\u00fcfungsteils \u201eGrundlegende Qualifikationen\u201c, das nicht l\u00e4nger als f\u00fcnf Jahre zur\u00fcckliegt<br \/>\n und<br \/>\n <strong>2)<\/strong> zu der im Pr\u00fcfungsteil \u201eGrundlegende Qualifikationen\u201c a) bis e) geforderten Berufspraxis mindestens ein weiteres Jahr<br \/>\n und<br \/>\n <strong>3)<\/strong> den Erwerb der berufs- und arbeitsp\u00e4dagogischen Qualifikation gem\u00e4\u00df der Ausbilder Eignungsverordnung (AEVO) nach dem Berufsbildungsgesetz oder aufgrund einer anderen \u00f6ffentlich-rechtlichen Regelung, wenn die nachgewiesenen Kenntnisse den Anforderungen nach den \u00a7\u00a7 2 bis 4 der Ausbilder-Eignungsverordnung gleichwertig sind.<br \/>\n Die geforderte Berufspraxis bei den Grundlegenden und Handlungsspezifischen Qualifikationen soll wesentliche Bez\u00fcge zu den Aufgaben eines Gepr\u00fcften Meisters\/einer Gepr\u00fcften Meisterin f\u00fcr Schutz und Sicherheit gem\u00e4\u00df \u00a7 1 Abs. 3 der Verordnung \u00fcber die Pr\u00fcfung zum anerkannten Abschluss Gepr\u00fcfter Meister\/Gepr\u00fcfte Meisterin f\u00fcr Schutz und Sicherheit vom 26.03.2003, ge\u00e4ndert durch die dritte Verordnung zur \u00c4nderung<br \/>\n der Fortbildungsordnungen vom 23. Juli 2010 (BGBl. 2010 Teil I Nr. 39 S. 101), haben.<br \/>\n Abweichend kann zur Pr\u00fcfung auch zugelassen werden, wer durch Vorlage von Zeugnissen oder auf andere Weise glaubhaft macht, dass er Kenntnisse, Fertigkeiten und Erfahrungen erworben hat, die die Zulassung zur Pr\u00fcfung rechtfertigen (nicht in Deutschland erworbene Nachweise).<\/p>\n<p><strong>Hinweise zu a) bis d) der Grundlegenden Qualifikationen<\/strong> und zu 2) der Handlungsspezifischen Qualifikationen:<br \/>\n Anrechnung von milit\u00e4rischer Ausbildung und Verwendung in der Bundeswehr. Die Dienstzeit eines Soldaten auf Zeit\/einer Soldatin auf Zeit bei der Bundeswehr in der Laufbahngruppe der Unteroffiziere gilt als Berufspraxis, wenn von den dort insgesamt geforderten Zeiten mindestens ein Jahr als gelenktes Praktikum oder als Berufst\u00e4tigkeit im Rahmen eines zivilen Besch\u00e4ftigungsverh\u00e4ltnisses nachgewiesen wird. Das Praktikum bzw. die Berufst\u00e4tigkeit muss die wesentlichen Aufgaben gem\u00e4\u00df \u00a7 1 Abs. 3 der Seite 3 von 7 Fortbildungsverordnung umfassen.<br \/>\n Ausgenommen von einer Anerkennung auf der Grundlage dieser Empfehlung sind die Zeiten als Laufbahnanw\u00e4rter, der zivilberuflichen Aus- und Weiterbildung im Rahmen der milit\u00e4rfachlichen Ausbildung (ZAW) sowie der schulischen und beruflichen Ausbildung am Ende der Wehrdienstzeit auf der Grundlage der \u00a7\u00a7 4 und 5 des Soldatenversorgungsgesetzes,<br \/>\n sofern diese nicht direkt auf eine berufliche T\u00e4tigkeit im Bereich Schutz und Sicherheit<br \/>\n vorbereiten.[\/spoiler]\n<h3><strong>F\u00f6rderung<\/strong><\/h3>\n<p>Bei Erf\u00fcllung bestimmter Kriterien ist eine F\u00f6rderung durch verschiedene Stellen (BFD, WeGebAU, Bundesagentur f\u00fcr Arbeit usw.)\u00a0 m\u00f6glich.<br \/>\nBei Fragen zur F\u00f6rderung, kannst Du Dich gern mit uns in Verbindung setzen. Wir beraten Dich gern.<\/p>\n<h3><strong>Kosten<\/strong><\/h3>\n<p>auf Anfrage<\/p>\n<h3><strong>Abschluss<\/strong><\/h3>\n<p>Meisterbrief der IHK \u201eGepr\u00fcfter Meister f\u00fcr Schutz und Sicherheit\u201c<\/p>\n[pdf_button]\/wp-content\/uploads\/2015\/09\/Sicherheit-Meister-Schutz-und-Sicherheit.pdf[\/pdf_button]\n<p class=\"wpcf7-contact-form-not-found\"><strong>Fehler:<\/strong> Kontaktformular wurde nicht gefunden.<\/p>","protected":false},"excerpt":{"rendered":"<p>[pdf_button]\/wp-content\/uploads\/2015\/09\/Sicherheit-Meister-Schutz-und-Sicherheit.pdf[\/pdf_button] Vorwort Als Meister\/in f\u00fcr Schutz und Sicherheit habst Du einen au\u00dferordentlichen vielf\u00e4ltigen und interessanten Beruf. Du nimmst in Firmen und Betrieben F\u00fchrungsaufgaben war. Als Gepr\u00fcfter Meister\/in f\u00fcr Schutz und Sicherheit bist Du in privaten und \u00f6ffentlichen Unternehmen unterschiedlicher Gr\u00f6\u00dfe und Branchenzugeh\u00f6rigkeit t\u00e4tig. In verschiedenen Bereichen und T\u00e4tigkeitsfeldern eines Unternehmens \u00fcbernimmst Du Sach-, Organisations- und &#8230;<\/p>","protected":false},"author":1,"featured_media":0,"parent":1227,"menu_order":100000,"comment_status":"closed","ping_status":"closed","template":"","meta":{"_exactmetrics_skip_tracking":false,"_exactmetrics_sitenote_active":false,"_exactmetrics_sitenote_note":"","_exactmetrics_sitenote_category":0,"jetpack_post_was_ever_published":false,"footnotes":"","_links_to":"","_links_to_target":""},"class_list":["post-1109","page","type-page","status-publish","hentry"],"jetpack_sharing_enabled":true,"jetpack_shortlink":"https:\/\/wp.me\/P5coPr-hT","jetpack-related-posts":[{"id":1065,"url":"https:\/\/saw-biz.net\/home\/bildung\/meister-fuer-schutz-und-sicherheit\/","url_meta":{"origin":1109,"position":0},"title":"Meister f\u00fcr Schutz und Sicherheit","author":"admin","date":"18. Dezember 2014","format":false,"excerpt":"15 Monate - SaZ 8: [pdf_button]\/wp-content\/uploads\/2015\/08\/Soldaten-Meister-f\u00fcr-Schutz-und-Sicherheit-15-Monate.pdf[\/pdf_button] 24 Monate - SaZ 12: [pdf_button]\/wp-content\/uploads\/2015\/08\/Soldaten-Meister-f\u00fcr-Schutz-und-Sicherheit-24-Monate.pdf[\/pdf_button] Vorwort Als Meister\/in f\u00fcr Schutz und Sicherheit hast Du einen au\u00dferordentlichen vielf\u00e4ltigen und interessanten Beruf. Du nimmst in Firmen und Betrieben F\u00fchrungsaufgaben war. Als Gepr\u00fcfter Meister\/in f\u00fcr Schutz und Sicherheit bist Du in privaten und \u00f6ffentlichen Unternehmen unterschiedlicher\u2026","rel":"","context":"\u00c4hnlicher Beitrag","block_context":{"text":"\u00c4hnlicher Beitrag","link":""},"img":{"alt_text":"","src":"","width":0,"height":0},"classes":[]},{"id":1110,"url":"https:\/\/saw-biz.net\/home\/bildung\/fachkraft-fuer-schutz-und-sicherheit\/","url_meta":{"origin":1109,"position":1},"title":"Fachkraft f\u00fcr Schutz und Sicherheit","author":"admin","date":"19. Dezember 2014","format":false,"excerpt":"[pdf_button]http:\/\/saw-biz.net\/wp-content\/uploads\/2017\/02\/5.-Fachkraft-Schutz-und-Sicherheit-Soldaten-ohne-Anschnitt.pdf[\/pdf_button] Vorwort Fachkr\u00e4fte f\u00fcr Schutz und Sicherheit sch\u00fctzen Personen, Objekte, Anlagen und Werte. Sie planen vorbeugende Ma\u00dfnahmen f\u00fcr deren Sicherheit bzw. zur Abwehr von Gefahren und f\u00fchren sie durch. In erster Linie arbeiten sie in Betrieben des Objekt-, Werte- und Personenschutzes bzw. in der Sicherheitsberatung und -schulung. Auch in Flughafenbetrieben\u2026","rel":"","context":"\u00c4hnlicher Beitrag","block_context":{"text":"\u00c4hnlicher Beitrag","link":""},"img":{"alt_text":"","src":"","width":0,"height":0},"classes":[]},{"id":1067,"url":"https:\/\/saw-biz.net\/home\/bildung\/sicherheit\/fachkraft-fuer-schutz-und-sicherheit\/","url_meta":{"origin":1109,"position":2},"title":"Fachkraft f\u00fcr Schutz und Sicherheit","author":"admin","date":"18. Dezember 2014","format":false,"excerpt":"[pdf_button]\/wp-content\/uploads\/2015\/09\/Sicherheit-Fachkraft-Schutz-und-Sicherheit.pdf[\/pdf_button] Vorwort Fachkr\u00e4fte f\u00fcr Schutz und Sicherheit sch\u00fctzen Personen, Objekte, Anlagen und Werte. Sie planen vorbeugende Ma\u00dfnahmen f\u00fcr deren Sicherheit bzw. zur Abwehr von Gefahren und f\u00fchren sie durch. In erster Linie arbeiten sie in Betrieben des Objekt-, Werte- und Personenschutzes bzw. in der Sicherheitsberatung und -schulung. Auch in Flughafenbetrieben\u2026","rel":"","context":"\u00c4hnlicher Beitrag","block_context":{"text":"\u00c4hnlicher Beitrag","link":""},"img":{"alt_text":"","src":"","width":0,"height":0},"classes":[]},{"id":1227,"url":"https:\/\/saw-biz.net\/home\/bildung\/sicherheit\/","url_meta":{"origin":1109,"position":3},"title":"Sicherheit","author":"admin","date":"19. Dezember 2014","format":false,"excerpt":"Sicherheitsausbildung Vorbereitung auf die Sachkundepr\u00fcfung \u00a7 34a GewO Grundausbildung Sicherheitskraft Mobile Sicherheitskraft inkl. PKW F\u00fchrerschein Kompaktlehrgang Sicherheitskraft inkl. Unterrichtungsverfahren \u00a734a GewO Gepr\u00fcfte Schutz- und Sicherheitskraft IHK Umschulung zur Fachkraft f\u00fcr Schutz und Sicherheit Externenpr\u00fcfung Fachkraft f\u00fcr Schutz und Sicherheit Meister f\u00fcr Schutz und Sicherheit Waffensachkunde \u00a7 7 WaffG Brandschutz- und\u2026","rel":"","context":"\u00c4hnlicher Beitrag","block_context":{"text":"\u00c4hnlicher Beitrag","link":""},"img":{"alt_text":"","src":"","width":0,"height":0},"classes":[]},{"id":980,"url":"https:\/\/saw-biz.net\/home\/information-fuer-soldaten\/","url_meta":{"origin":1109,"position":4},"title":"Information f\u00fcr Soldaten","author":"admin","date":"12. Dezember 2014","format":false,"excerpt":"Wie sich in vielerlei Hinsicht ersehen l\u00e4sst, ist der Zulauf der Sicherheitsbranche an Auftr\u00e4gen und der damit verbundene Bedarf an Mitarbeitern enorm gestiegen. Was der Sicherheitswirtschaft dennoch fehlt, sind gut ausgebildete Fachkr\u00e4fte. Diese Ausbildungen richten sich an Soldatinnen und Soldaten der Bundeswehr. Der starke Zuwachs in der privaten Sicherheit bzw.\u2026","rel":"","context":"\u00c4hnlicher Beitrag","block_context":{"text":"\u00c4hnlicher Beitrag","link":""},"img":{"alt_text":"","src":"","width":0,"height":0},"classes":[]},{"id":1107,"url":"https:\/\/saw-biz.net\/home\/information-fuer-soldaten-2\/","url_meta":{"origin":1109,"position":5},"title":"Information f\u00fcr Soldaten","author":"admin","date":"19. Dezember 2014","format":false,"excerpt":"Wie sich in vielerlei Hinsicht ersehen l\u00e4sst, ist der Zulauf der Sicherheitsbranche an Auftr\u00e4gen und der damit verbundene Bedarf an Mitarbeitern enorm gestiegen. Was der Sicherheitswirtschaft dennoch fehlt, sind gut ausgebildete Fachkr\u00e4fte. Diese Ausbildungen richten sich an Soldatinnen und Soldaten der Bundeswehr. Der starke Zuwachs in der privaten Sicherheit bzw.\u2026","rel":"","context":"\u00c4hnlicher Beitrag","block_context":{"text":"\u00c4hnlicher Beitrag","link":""},"img":{"alt_text":"","src":"https:\/\/i0.wp.com\/www.saw-biz.net\/wp-content\/uploads\/2014\/11\/Informationen-f\u00c3\u00bcr-Soldaten.jpg?resize=350%2C200","width":350,"height":200},"classes":[]}],"_links":{"self":[{"href":"https:\/\/saw-biz.net\/home\/wp-json\/wp\/v2\/pages\/1109","targetHints":{"allow":["GET"]}}],"collection":[{"href":"https:\/\/saw-biz.net\/home\/wp-json\/wp\/v2\/pages"}],"about":[{"href":"https:\/\/saw-biz.net\/home\/wp-json\/wp\/v2\/types\/page"}],"author":[{"embeddable":true,"href":"https:\/\/saw-biz.net\/home\/wp-json\/wp\/v2\/users\/1"}],"replies":[{"embeddable":true,"href":"https:\/\/saw-biz.net\/home\/wp-json\/wp\/v2\/comments?post=1109"}],"version-history":[{"count":15,"href":"https:\/\/saw-biz.net\/home\/wp-json\/wp\/v2\/pages\/1109\/revisions"}],"predecessor-version":[{"id":4420,"href":"https:\/\/saw-biz.net\/home\/wp-json\/wp\/v2\/pages\/1109\/revisions\/4420"}],"up":[{"embeddable":true,"href":"https:\/\/saw-biz.net\/home\/wp-json\/wp\/v2\/pages\/1227"}],"wp:attachment":[{"href":"https:\/\/saw-biz.net\/home\/wp-json\/wp\/v2\/media?parent=1109"}],"curies":[{"name":"wp","href":"https:\/\/api.w.org\/{rel}","templated":true}]}}