{"id":1067,"date":"2014-12-18T02:48:57","date_gmt":"2014-12-18T00:48:57","guid":{"rendered":"http:\/\/www.saw-biz.net\/?page_id=1067"},"modified":"2023-07-13T16:32:58","modified_gmt":"2023-07-13T14:32:58","slug":"fachkraft-fuer-schutz-und-sicherheit","status":"publish","type":"page","link":"https:\/\/saw-biz.net\/home\/bildung\/sicherheit\/fachkraft-fuer-schutz-und-sicherheit\/","title":{"rendered":"Fachkraft f\u00fcr Schutz und Sicherheit"},"content":{"rendered":"[pdf_button]\/wp-content\/uploads\/2015\/09\/Sicherheit-Fachkraft-Schutz-und-Sicherheit.pdf[\/pdf_button]\n<h3><strong>Vorwort<\/strong><\/h3>\n<p>Fachkr\u00e4fte f\u00fcr Schutz und Sicherheit sch\u00fctzen Personen, Objekte, Anlagen und Werte. Sie planen vorbeugende Ma\u00dfnahmen f\u00fcr deren Sicherheit bzw. zur Abwehr von Gefahren und f\u00fchren sie durch.<\/p>\n<p>In erster Linie arbeiten sie in Betrieben des Objekt-, Werte- und Personenschutzes bzw. in der Sicherheitsberatung und -schulung. Auch in Flughafenbetrieben oder in Sicherheitsabteilungen von Bahnh\u00f6fen und Verkehrsgesellschaften des \u00f6ffentlichen Nahverkehrs sind sie t\u00e4tig. Dar\u00fcber hinaus bieten sich unter anderem Besch\u00e4ftigungsm\u00f6glichkeiten bei Verb\u00e4nden oder im Messe- und Veranstaltungsschutz. Als weitere Arbeitgeber kommen Industriebetriebe, Labors, Kraftwerke oder auch Speditionen f\u00fcr Werttransporte infrage.<\/p>\n<h3><strong>Zielgruppe<\/strong><\/h3>\n<p>Menschen mit Bereitschaft in der Sicherheitswirtschaft zu arbeiten, die das 18. Lebensjahr vollendet haben und Deutsch in Wort und Schrift beherrschen. Des Weiteren ist Langzeitmotivation von Vorteil.<\/p>\n<h3><strong>Dauer der Ausbildung<\/strong><\/h3>\n<ul>\n<li>Theorie 12,25 Monate (1960 Unterrichtseinheiten zu je 45 min)<\/li>\n<li>Betriebliche Lernphase 9 Monate (1440 Unterrichtseinheiten zu je 45 min)<\/li>\n<\/ul>\n<h3><strong>Inhalte der Umschulung<\/strong><\/h3>\n<ul>\n<li>Rechtsgrundlagen f\u00fcr Sicherheitsdienste<\/li>\n<li>Situationsgerechtes Verhalten und Handeln<\/li>\n<li>Wirtschaft- und Sozialkunde<\/li>\n<li>Erstellen eines Sicherheitskonzeptes<\/li>\n<li>Dienstkunde<\/li>\n<li>Englisch<\/li>\n<li>Sicherheitstechnik<\/li>\n<li>Waffensachkunde gem\u00e4\u00df \u00a77 WaffG<\/li>\n<li>Brandschutz- und Evakuierungshelfer<\/li>\n<li>Sanit\u00e4tslehrgang f\u00fcr Sicherheitsmitarbeiter<\/li>\n<li>u.v.m.<\/li>\n<\/ul>\n<p><span style=\"font-size: revert;\">Die Umschulungsma\u00dfnahme beinhaltet betriebliche Lernphasen..<\/span><\/p>\n<h3><strong>Unterrichtszeiten<\/strong><\/h3>\n<ul>\n<li>Montag-Freitag von 08.30 Uhr -16.00 Uhr<\/li>\n<li>Betriebliche Lernphasen: Uhrzeiten richten sich nach Betrieb und Einsatzzeiten<\/li>\n<\/ul>\n<h3><strong>Zulassungsvoraussetzungen<\/strong><\/h3>\n<ul>\n<li>mindestens 18 Jahre alt<\/li>\n<li>Deutsch in Wort und Schrift (Niveau B2)<\/li>\n<li>Zuverl\u00e4ssigkeit<\/li>\n<li>schriftliche Eignungsfeststellung<\/li>\n<\/ul>\n<h3><strong>F\u00f6rderungen<\/strong><\/h3>\n<ul>\n<li>Bei Erf\u00fcllung bestimmter Kriterien ist eine F\u00f6rderung durch verschiedene Stellen (Agentur f\u00fcr Arbeit, Jobcenter, DRV und BFD) m\u00f6glich<\/li>\n<\/ul>\n<h3><strong>Kosten<\/strong><\/h3>\n<ul>\n<li>auf Anfrage<\/li>\n<\/ul>\n<h3><strong>Abschluss<\/strong><\/h3>\n<ul>\n<li>Zeugnis Fachkraft f\u00fcr Schutz und Sicherheit IHK<\/li>\n<li>Tr\u00e4gerinternes SAW Zertifikat<\/li>\n<\/ul>\n[pdf_button]\/wp-content\/uploads\/2015\/09\/Sicherheit-Fachkraft-Schutz-und-Sicherheit.pdf[\/pdf_button]\n<p class=\"wpcf7-contact-form-not-found\"><strong>Fehler:<\/strong> Kontaktformular wurde nicht gefunden.<\/p>","protected":false},"excerpt":{"rendered":"<p>[pdf_button]\/wp-content\/uploads\/2015\/09\/Sicherheit-Fachkraft-Schutz-und-Sicherheit.pdf[\/pdf_button] Vorwort Fachkr\u00e4fte f\u00fcr Schutz und Sicherheit sch\u00fctzen Personen, Objekte, Anlagen und Werte. Sie planen vorbeugende Ma\u00dfnahmen f\u00fcr deren Sicherheit bzw. zur Abwehr von Gefahren und f\u00fchren sie durch. In erster Linie arbeiten sie in Betrieben des Objekt-, Werte- und Personenschutzes bzw. in der Sicherheitsberatung und -schulung. Auch in Flughafenbetrieben oder in Sicherheitsabteilungen von Bahnh\u00f6fen &#8230;<\/p>","protected":false},"author":1,"featured_media":0,"parent":1227,"menu_order":100000,"comment_status":"closed","ping_status":"closed","template":"","meta":{"_exactmetrics_skip_tracking":false,"_exactmetrics_sitenote_active":false,"_exactmetrics_sitenote_note":"","_exactmetrics_sitenote_category":0,"jetpack_post_was_ever_published":false,"footnotes":"","_links_to":"","_links_to_target":""},"class_list":["post-1067","page","type-page","status-publish","hentry"],"jetpack_sharing_enabled":true,"jetpack_shortlink":"https:\/\/wp.me\/P5coPr-hd","jetpack-related-posts":[{"id":1110,"url":"https:\/\/saw-biz.net\/home\/bildung\/fachkraft-fuer-schutz-und-sicherheit\/","url_meta":{"origin":1067,"position":0},"title":"Fachkraft f\u00fcr Schutz und Sicherheit","author":"admin","date":"19. Dezember 2014","format":false,"excerpt":"[pdf_button]http:\/\/saw-biz.net\/wp-content\/uploads\/2017\/02\/5.-Fachkraft-Schutz-und-Sicherheit-Soldaten-ohne-Anschnitt.pdf[\/pdf_button] Vorwort Fachkr\u00e4fte f\u00fcr Schutz und Sicherheit sch\u00fctzen Personen, Objekte, Anlagen und Werte. Sie planen vorbeugende Ma\u00dfnahmen f\u00fcr deren Sicherheit bzw. zur Abwehr von Gefahren und f\u00fchren sie durch. In erster Linie arbeiten sie in Betrieben des Objekt-, Werte- und Personenschutzes bzw. in der Sicherheitsberatung und -schulung. Auch in Flughafenbetrieben\u2026","rel":"","context":"\u00c4hnlicher Beitrag","block_context":{"text":"\u00c4hnlicher Beitrag","link":""},"img":{"alt_text":"","src":"","width":0,"height":0},"classes":[]},{"id":1065,"url":"https:\/\/saw-biz.net\/home\/bildung\/meister-fuer-schutz-und-sicherheit\/","url_meta":{"origin":1067,"position":1},"title":"Meister f\u00fcr Schutz und Sicherheit","author":"admin","date":"18. Dezember 2014","format":false,"excerpt":"15 Monate - SaZ 8: [pdf_button]\/wp-content\/uploads\/2015\/08\/Soldaten-Meister-f\u00fcr-Schutz-und-Sicherheit-15-Monate.pdf[\/pdf_button] 24 Monate - SaZ 12: [pdf_button]\/wp-content\/uploads\/2015\/08\/Soldaten-Meister-f\u00fcr-Schutz-und-Sicherheit-24-Monate.pdf[\/pdf_button] Vorwort Als Meister\/in f\u00fcr Schutz und Sicherheit hast Du einen au\u00dferordentlichen vielf\u00e4ltigen und interessanten Beruf. Du nimmst in Firmen und Betrieben F\u00fchrungsaufgaben war. Als Gepr\u00fcfter Meister\/in f\u00fcr Schutz und Sicherheit bist Du in privaten und \u00f6ffentlichen Unternehmen unterschiedlicher\u2026","rel":"","context":"\u00c4hnlicher Beitrag","block_context":{"text":"\u00c4hnlicher Beitrag","link":""},"img":{"alt_text":"","src":"","width":0,"height":0},"classes":[]},{"id":1109,"url":"https:\/\/saw-biz.net\/home\/bildung\/sicherheit\/meister-fuer-schutz-und-sicherheit\/","url_meta":{"origin":1067,"position":2},"title":"Meister f\u00fcr Schutz und Sicherheit","author":"admin","date":"19. Dezember 2014","format":false,"excerpt":"[pdf_button]\/wp-content\/uploads\/2015\/09\/Sicherheit-Meister-Schutz-und-Sicherheit.pdf[\/pdf_button] Vorwort Als Meister\/in f\u00fcr Schutz und Sicherheit habst Du einen au\u00dferordentlichen vielf\u00e4ltigen und interessanten Beruf. Du nimmst in Firmen und Betrieben F\u00fchrungsaufgaben war. Als Gepr\u00fcfter Meister\/in f\u00fcr Schutz und Sicherheit bist Du in privaten und \u00f6ffentlichen Unternehmen unterschiedlicher Gr\u00f6\u00dfe und Branchenzugeh\u00f6rigkeit t\u00e4tig. In verschiedenen Bereichen und T\u00e4tigkeitsfeldern eines Unternehmens\u2026","rel":"","context":"\u00c4hnlicher Beitrag","block_context":{"text":"\u00c4hnlicher Beitrag","link":""},"img":{"alt_text":"","src":"","width":0,"height":0},"classes":[]},{"id":2493,"url":"https:\/\/saw-biz.net\/home\/ueber-uns\/leitbild\/","url_meta":{"origin":1067,"position":3},"title":"Zahlen und Fakten","author":"admin","date":"15. September 2015","format":false,"excerpt":"Die Sicherheitswirtschaft ist ein bedeutender Arbeitgeber in Deutschland. Laut Angaben des Bundesverbandes der Sicherheitswirtschaft (BDSW) gibt es mehr als 250.000 Besch\u00e4ftigte in der Branche (Stand 2021). Die Zahl der Mitarbeiterinnen und Mitarbeiter ist in den letzten Jahren kontinuierlich gestiegen. Umsatz Die Sicherheitsbranche verzeichnet ebenfalls einen hohen Umsatz. Im Jahr 2020\u2026","rel":"","context":"\u00c4hnlicher Beitrag","block_context":{"text":"\u00c4hnlicher Beitrag","link":""},"img":{"alt_text":"","src":"","width":0,"height":0},"classes":[]},{"id":980,"url":"https:\/\/saw-biz.net\/home\/information-fuer-soldaten\/","url_meta":{"origin":1067,"position":4},"title":"Information f\u00fcr Soldaten","author":"admin","date":"12. Dezember 2014","format":false,"excerpt":"Wie sich in vielerlei Hinsicht ersehen l\u00e4sst, ist der Zulauf der Sicherheitsbranche an Auftr\u00e4gen und der damit verbundene Bedarf an Mitarbeitern enorm gestiegen. Was der Sicherheitswirtschaft dennoch fehlt, sind gut ausgebildete Fachkr\u00e4fte. Diese Ausbildungen richten sich an Soldatinnen und Soldaten der Bundeswehr. Der starke Zuwachs in der privaten Sicherheit bzw.\u2026","rel":"","context":"\u00c4hnlicher Beitrag","block_context":{"text":"\u00c4hnlicher Beitrag","link":""},"img":{"alt_text":"","src":"","width":0,"height":0},"classes":[]},{"id":1119,"url":"https:\/\/saw-biz.net\/home\/bildung\/sicherheit\/waffensachkunde-%c2%a77-waffg\/","url_meta":{"origin":1067,"position":5},"title":"Waffensachkunde \u00a77 WaffG","author":"admin","date":"19. Dezember 2014","format":false,"excerpt":"F\u00fcr Unternehmer und Selbstzahler: [pdf_button]\/wp-content\/uploads\/2015\/09\/Sicherheit-Waffenkunde-Unternehmen-Selbstzahler.pdf[\/pdf_button] F\u00f6rderung durch die Agentur f\u00fcr Arbeit oder Jobcenter: [pdf_button]\/wp-content\/uploads\/2015\/09\/Sicherheit-Waffenkunde-Agentur-fuer-Arbeit.pdf[\/pdf_button] F\u00fcr die Besch\u00e4ftigung im Rahmen des Geld-und Werttransports, Kernkraftwerken oder der Bewachung milit\u00e4rischer Liegenschaften ist die erfolgreiche Absolvierung der gewerblichen Waffensachkundepr\u00fcfung zwingend notwendig. Nach Absolvierung des Lehrgangs gem\u00e4\u00df \u00a7 7 WaffG und bestandener Pr\u00fcfung ist die\u2026","rel":"","context":"\u00c4hnlicher Beitrag","block_context":{"text":"\u00c4hnlicher Beitrag","link":""},"img":{"alt_text":"","src":"","width":0,"height":0},"classes":[]}],"_links":{"self":[{"href":"https:\/\/saw-biz.net\/home\/wp-json\/wp\/v2\/pages\/1067","targetHints":{"allow":["GET"]}}],"collection":[{"href":"https:\/\/saw-biz.net\/home\/wp-json\/wp\/v2\/pages"}],"about":[{"href":"https:\/\/saw-biz.net\/home\/wp-json\/wp\/v2\/types\/page"}],"author":[{"embeddable":true,"href":"https:\/\/saw-biz.net\/home\/wp-json\/wp\/v2\/users\/1"}],"replies":[{"embeddable":true,"href":"https:\/\/saw-biz.net\/home\/wp-json\/wp\/v2\/comments?post=1067"}],"version-history":[{"count":13,"href":"https:\/\/saw-biz.net\/home\/wp-json\/wp\/v2\/pages\/1067\/revisions"}],"predecessor-version":[{"id":12641,"href":"https:\/\/saw-biz.net\/home\/wp-json\/wp\/v2\/pages\/1067\/revisions\/12641"}],"up":[{"embeddable":true,"href":"https:\/\/saw-biz.net\/home\/wp-json\/wp\/v2\/pages\/1227"}],"wp:attachment":[{"href":"https:\/\/saw-biz.net\/home\/wp-json\/wp\/v2\/media?parent=1067"}],"curies":[{"name":"wp","href":"https:\/\/api.w.org\/{rel}","templated":true}]}}